{"id":1626,"date":"2024-09-02T11:58:20","date_gmt":"2024-09-02T08:58:20","guid":{"rendered":"https:\/\/kbrent.ee\/?page_id=1626"},"modified":"2025-09-04T14:02:53","modified_gmt":"2025-09-04T11:02:53","slug":"dumperid","status":"publish","type":"page","link":"https:\/\/kbrent.ee\/en\/dumperid\/","title":{"rendered":"Dumpers"},"content":{"rendered":"<div data-elementor-type=\"wp-page\" data-elementor-id=\"1626\" class=\"elementor elementor-1626\" data-elementor-post-type=\"page\">\n\t\t\t\t<div class=\"elementor-element elementor-element-b5b8584 e-flex e-con-boxed e-con e-parent\" data-id=\"b5b8584\" data-element_type=\"container\">\n\t\t\t\t\t<div class=\"e-con-inner\">\n\t\t\t\t<div class=\"elementor-element elementor-element-6d326d0 elementor-widget elementor-widget-heading\" data-id=\"6d326d0\" data-element_type=\"widget\" data-widget_type=\"heading.default\">\n\t\t\t\t<div class=\"elementor-widget-container\">\n\t\t\t\t\t<h1 class=\"elementor-heading-title elementor-size-default\">Dumper rental<\/h1>\t\t\t\t<\/div>\n\t\t\t\t<\/div>\n\t\t\t\t<div class=\"elementor-element elementor-element-340463d elementor-widget-divider--view-line elementor-widget elementor-widget-divider\" data-id=\"340463d\" data-element_type=\"widget\" data-widget_type=\"divider.default\">\n\t\t\t\t<div class=\"elementor-widget-container\">\n\t\t\t\t\t\t\t<div class=\"elementor-divider\">\n\t\t\t<span class=\"elementor-divider-separator\">\n\t\t\t\t\t\t<\/span>\n\t\t<\/div>\n\t\t\t\t\t\t<\/div>\n\t\t\t\t<\/div>\n\t\t\t\t\t<\/div>\n\t\t\t\t<\/div>\n\t\t<div class=\"elementor-element elementor-element-6098617c e-flex e-con-boxed e-con e-parent\" data-id=\"6098617c\" data-element_type=\"container\">\n\t\t\t\t\t<div class=\"e-con-inner\">\n\t\t\t\t<div class=\"elementor-element elementor-element-4147754e elementor-widget elementor-widget-menu-anchor\" data-id=\"4147754e\" data-element_type=\"widget\" data-widget_type=\"menu-anchor.default\">\n\t\t\t\t<div class=\"elementor-widget-container\">\n\t\t\t\t\t\t\t<div class=\"elementor-menu-anchor\" id=\"dumperid\"><\/div>\n\t\t\t\t\t\t<\/div>\n\t\t\t\t<\/div>\n\t\t\t\t<div class=\"elementor-element elementor-element-1d984bd2 elementor-widget elementor-widget-heading\" data-id=\"1d984bd2\" data-element_type=\"widget\" data-widget_type=\"heading.default\">\n\t\t\t\t<div class=\"elementor-widget-container\">\n\t\t\t\t\t<h2 class=\"elementor-heading-title elementor-size-default\">Dumpers:<\/h2>\t\t\t\t<\/div>\n\t\t\t\t<\/div>\n\t\t\t\t\t<\/div>\n\t\t\t\t<\/div>\n\t\t<div class=\"elementor-element elementor-element-77458d5d e-flex e-con-boxed e-con e-parent\" data-id=\"77458d5d\" data-element_type=\"container\" data-settings=\"{&quot;background_background&quot;:&quot;classic&quot;}\">\n\t\t\t\t\t<div class=\"e-con-inner\">\n\t\t<div class=\"elementor-element elementor-element-4eb5ec33 e-flex e-con-boxed e-con e-child\" data-id=\"4eb5ec33\" data-element_type=\"container\">\n\t\t\t\t\t<div class=\"e-con-inner\">\n\t\t<div class=\"elementor-element elementor-element-252b46b6 e-con-full e-flex e-con e-child\" data-id=\"252b46b6\" data-element_type=\"container\" data-settings=\"{&quot;background_background&quot;:&quot;classic&quot;}\">\n\t\t<div class=\"elementor-element elementor-element-76d0deb0 e-con-full e-flex e-con e-child\" data-id=\"76d0deb0\" data-element_type=\"container\">\n\t\t\t\t<div class=\"elementor-element elementor-element-21f65140 elementor-widget elementor-widget-image\" data-id=\"21f65140\" data-element_type=\"widget\" data-widget_type=\"image.default\">\n\t\t\t\t<div class=\"elementor-widget-container\">\n\t\t\t\t\t\t\t\t\t\t\t\t\t\t\t<img fetchpriority=\"high\" decoding=\"async\" width=\"612\" height=\"408\" src=\"https:\/\/kbrent.ee\/wp-content\/uploads\/2024\/09\/volvo-a25g_prod2__1_-removebg-preview.png\" class=\"attachment-large size-large wp-image-1684\" alt=\"\" srcset=\"https:\/\/kbrent.ee\/wp-content\/uploads\/2024\/09\/volvo-a25g_prod2__1_-removebg-preview.png 612w, https:\/\/kbrent.ee\/wp-content\/uploads\/2024\/09\/volvo-a25g_prod2__1_-removebg-preview-300x200.png 300w\" sizes=\"(max-width: 612px) 100vw, 612px\" \/>\t\t\t\t\t\t\t\t\t\t\t\t\t\t\t<\/div>\n\t\t\t\t<\/div>\n\t\t\t\t<\/div>\n\t\t<div class=\"elementor-element elementor-element-7fb018aa e-flex e-con-boxed e-con e-child\" data-id=\"7fb018aa\" data-element_type=\"container\">\n\t\t\t\t\t<div class=\"e-con-inner\">\n\t\t\t\t<div class=\"elementor-element elementor-element-373cea5a elementor-widget elementor-widget-heading\" data-id=\"373cea5a\" data-element_type=\"widget\" data-widget_type=\"heading.default\">\n\t\t\t\t<div class=\"elementor-widget-container\">\n\t\t\t\t\t<h3 class=\"elementor-heading-title elementor-size-default\">Volvo A25G<\/h3>\t\t\t\t<\/div>\n\t\t\t\t<\/div>\n\t\t\t\t<div class=\"elementor-element elementor-element-1a292afe elementor-widget elementor-widget-text-editor\" data-id=\"1a292afe\" data-element_type=\"widget\" data-widget_type=\"text-editor.default\">\n\t\t\t\t<div class=\"elementor-widget-container\">\n\t\t\t\t\t\t\t\t\tLoad capacity: 25000 kg <br>\n\nDump bed volume: 15.3 m\u00b3<br>\n\nEngine power: 235 kW<br>\n\nEmpty weight: 22450 kg<br>\t\t\t\t\t\t\t\t<\/div>\n\t\t\t\t<\/div>\n\t\t\t\t<div class=\"elementor-element elementor-element-55122c74 elementor-widget elementor-widget-button\" data-id=\"55122c74\" data-element_type=\"widget\" data-widget_type=\"button.default\">\n\t\t\t\t<div class=\"elementor-widget-container\">\n\t\t\t\t\t\t\t\t\t<div class=\"elementor-button-wrapper\">\n\t\t\t\t\t<a class=\"elementor-button elementor-button-link elementor-size-sm\" href=\"https:\/\/kbrent.ee\/en\/dumperid\/volvo-a25g\/\">\n\t\t\t\t\t\t<span class=\"elementor-button-content-wrapper\">\n\t\t\t\t\t\t\t\t\t<span class=\"elementor-button-text\">Additional info<\/span>\n\t\t\t\t\t<\/span>\n\t\t\t\t\t<\/a>\n\t\t\t\t<\/div>\n\t\t\t\t\t\t\t\t<\/div>\n\t\t\t\t<\/div>\n\t\t\t\t\t<\/div>\n\t\t\t\t<\/div>\n\t\t\t\t<\/div>\n\t\t<div class=\"elementor-element elementor-element-71c61d91 e-con-full e-flex e-con e-child\" data-id=\"71c61d91\" data-element_type=\"container\" data-settings=\"{&quot;background_background&quot;:&quot;classic&quot;}\">\n\t\t<div class=\"elementor-element elementor-element-35a65d09 e-con-full e-flex e-con e-child\" data-id=\"35a65d09\" data-element_type=\"container\">\n\t\t\t\t<div class=\"elementor-element elementor-element-b0301c1 elementor-widget elementor-widget-image\" data-id=\"b0301c1\" data-element_type=\"widget\" data-widget_type=\"image.default\">\n\t\t\t\t<div class=\"elementor-widget-container\">\n\t\t\t\t\t\t\t\t\t\t\t\t\t\t\t<img decoding=\"async\" width=\"612\" height=\"408\" src=\"https:\/\/kbrent.ee\/wp-content\/uploads\/2024\/11\/volvo-a35g_prod-removebg-preview.png\" class=\"attachment-large size-large wp-image-2001\" alt=\"\" srcset=\"https:\/\/kbrent.ee\/wp-content\/uploads\/2024\/11\/volvo-a35g_prod-removebg-preview.png 612w, https:\/\/kbrent.ee\/wp-content\/uploads\/2024\/11\/volvo-a35g_prod-removebg-preview-300x200.png 300w\" sizes=\"(max-width: 612px) 100vw, 612px\" \/>\t\t\t\t\t\t\t\t\t\t\t\t\t\t\t<\/div>\n\t\t\t\t<\/div>\n\t\t\t\t<\/div>\n\t\t<div class=\"elementor-element elementor-element-4b3a4f22 e-flex e-con-boxed e-con e-child\" data-id=\"4b3a4f22\" data-element_type=\"container\">\n\t\t\t\t\t<div class=\"e-con-inner\">\n\t\t\t\t<div class=\"elementor-element elementor-element-4735059e elementor-widget elementor-widget-heading\" data-id=\"4735059e\" data-element_type=\"widget\" data-widget_type=\"heading.default\">\n\t\t\t\t<div class=\"elementor-widget-container\">\n\t\t\t\t\t<h3 class=\"elementor-heading-title elementor-size-default\">Volvo A35G\n<\/h3>\t\t\t\t<\/div>\n\t\t\t\t<\/div>\n\t\t\t\t<div class=\"elementor-element elementor-element-6ea3a88a elementor-widget elementor-widget-text-editor\" data-id=\"6ea3a88a\" data-element_type=\"widget\" data-widget_type=\"text-editor.default\">\n\t\t\t\t<div class=\"elementor-widget-container\">\n\t\t\t\t\t\t\t\t\tLoad capacity: 34500 kg<br>\n\nDump bed volume: 21.2 m\u00b3<br>\n\nEngine power: 329 kW<br>\n\nEmpty weight: 28950 kg<br>\t\t\t\t\t\t\t\t<\/div>\n\t\t\t\t<\/div>\n\t\t\t\t<div class=\"elementor-element elementor-element-a699969 elementor-widget elementor-widget-button\" data-id=\"a699969\" data-element_type=\"widget\" data-widget_type=\"button.default\">\n\t\t\t\t<div class=\"elementor-widget-container\">\n\t\t\t\t\t\t\t\t\t<div class=\"elementor-button-wrapper\">\n\t\t\t\t\t<a class=\"elementor-button elementor-button-link elementor-size-sm\" href=\"https:\/\/kbrent.ee\/en\/dumperid\/volvo-a35g\/\">\n\t\t\t\t\t\t<span class=\"elementor-button-content-wrapper\">\n\t\t\t\t\t\t\t\t\t<span class=\"elementor-button-text\">Additional info<\/span>\n\t\t\t\t\t<\/span>\n\t\t\t\t\t<\/a>\n\t\t\t\t<\/div>\n\t\t\t\t\t\t\t\t<\/div>\n\t\t\t\t<\/div>\n\t\t\t\t\t<\/div>\n\t\t\t\t<\/div>\n\t\t\t\t<\/div>\n\t\t\t\t\t<\/div>\n\t\t\t\t<\/div>\n\t\t<div class=\"elementor-element elementor-element-e05123a e-con-full e-flex e-con e-child\" data-id=\"e05123a\" data-element_type=\"container\">\n\t\t<div class=\"elementor-element elementor-element-bacb941 e-con-full e-flex e-con e-child\" data-id=\"bacb941\" data-element_type=\"container\" data-settings=\"{&quot;background_background&quot;:&quot;classic&quot;}\">\n\t\t<div class=\"elementor-element elementor-element-50edd01 e-con-full e-flex e-con e-child\" data-id=\"50edd01\" data-element_type=\"container\">\n\t\t\t\t<div class=\"elementor-element elementor-element-6834490 elementor-widget elementor-widget-image\" data-id=\"6834490\" data-element_type=\"widget\" data-widget_type=\"image.default\">\n\t\t\t\t<div class=\"elementor-widget-container\">\n\t\t\t\t\t\t\t\t\t\t\t\t\t\t\t<img decoding=\"async\" width=\"538\" height=\"359\" src=\"https:\/\/kbrent.ee\/wp-content\/uploads\/2025\/05\/bergmann_c810s_5-removebg-preview.png\" class=\"attachment-large size-large wp-image-2807\" alt=\"\" srcset=\"https:\/\/kbrent.ee\/wp-content\/uploads\/2025\/05\/bergmann_c810s_5-removebg-preview.png 538w, https:\/\/kbrent.ee\/wp-content\/uploads\/2025\/05\/bergmann_c810s_5-removebg-preview-300x200.png 300w\" sizes=\"(max-width: 538px) 100vw, 538px\" \/>\t\t\t\t\t\t\t\t\t\t\t\t\t\t\t<\/div>\n\t\t\t\t<\/div>\n\t\t\t\t<\/div>\n\t\t<div class=\"elementor-element elementor-element-be19270 e-flex e-con-boxed e-con e-child\" data-id=\"be19270\" data-element_type=\"container\">\n\t\t\t\t\t<div class=\"e-con-inner\">\n\t\t\t\t<div class=\"elementor-element elementor-element-1afbb79 elementor-widget elementor-widget-heading\" data-id=\"1afbb79\" data-element_type=\"widget\" data-widget_type=\"heading.default\">\n\t\t\t\t<div class=\"elementor-widget-container\">\n\t\t\t\t\t<h3 class=\"elementor-heading-title elementor-size-default\">Bergmann C810<\/h3>\t\t\t\t<\/div>\n\t\t\t\t<\/div>\n\t\t\t\t<div class=\"elementor-element elementor-element-b3b21c2 elementor-widget elementor-widget-text-editor\" data-id=\"b3b21c2\" data-element_type=\"widget\" data-widget_type=\"text-editor.default\">\n\t\t\t\t<div class=\"elementor-widget-container\">\n\t\t\t\t\t\t\t\t\t<p>Load capacity: 9000 kg<br \/>Dump bed volume: 4.6 m\u00b3<br \/>Engine power: 75 kW<br \/>Empty weight: 6350 kg<\/p>\t\t\t\t\t\t\t\t<\/div>\n\t\t\t\t<\/div>\n\t\t\t\t<div class=\"elementor-element elementor-element-25fb1f1 elementor-widget elementor-widget-button\" data-id=\"25fb1f1\" data-element_type=\"widget\" data-widget_type=\"button.default\">\n\t\t\t\t<div class=\"elementor-widget-container\">\n\t\t\t\t\t\t\t\t\t<div class=\"elementor-button-wrapper\">\n\t\t\t\t\t<a class=\"elementor-button elementor-button-link elementor-size-sm\" href=\"https:\/\/kbrent.ee\/en\/dumperid\/bergmann-c810\/\">\n\t\t\t\t\t\t<span class=\"elementor-button-content-wrapper\">\n\t\t\t\t\t\t\t\t\t<span class=\"elementor-button-text\">Additional info<\/span>\n\t\t\t\t\t<\/span>\n\t\t\t\t\t<\/a>\n\t\t\t\t<\/div>\n\t\t\t\t\t\t\t\t<\/div>\n\t\t\t\t<\/div>\n\t\t\t\t\t<\/div>\n\t\t\t\t<\/div>\n\t\t\t\t<\/div>\n\t\t<div class=\"elementor-element elementor-element-5c92939 e-con-full e-flex e-con e-child\" data-id=\"5c92939\" data-element_type=\"container\" data-settings=\"{&quot;background_background&quot;:&quot;classic&quot;}\">\n\t\t<div class=\"elementor-element elementor-element-2afbb0f e-con-full e-flex e-con e-child\" data-id=\"2afbb0f\" data-element_type=\"container\" data-settings=\"{&quot;background_background&quot;:&quot;classic&quot;}\">\n\t\t<div class=\"elementor-element elementor-element-2b16e16 e-con-full e-flex e-con e-child\" data-id=\"2b16e16\" data-element_type=\"container\">\n\t\t\t\t<div class=\"elementor-element elementor-element-f588a3e elementor-widget elementor-widget-image\" data-id=\"f588a3e\" data-element_type=\"widget\" data-widget_type=\"image.default\">\n\t\t\t\t<div class=\"elementor-widget-container\">\n\t\t\t\t\t\t\t\t\t\t\t\t\t\t\t<img loading=\"lazy\" decoding=\"async\" width=\"577\" height=\"433\" src=\"https:\/\/kbrent.ee\/wp-content\/uploads\/2025\/09\/extrabilder10649361_large-removebg-preview.png\" class=\"attachment-large size-large wp-image-3021\" alt=\"\" srcset=\"https:\/\/kbrent.ee\/wp-content\/uploads\/2025\/09\/extrabilder10649361_large-removebg-preview.png 577w, https:\/\/kbrent.ee\/wp-content\/uploads\/2025\/09\/extrabilder10649361_large-removebg-preview-300x225.png 300w, https:\/\/kbrent.ee\/wp-content\/uploads\/2025\/09\/extrabilder10649361_large-removebg-preview-16x12.png 16w\" sizes=\"(max-width: 577px) 100vw, 577px\" \/>\t\t\t\t\t\t\t\t\t\t\t\t\t\t\t<\/div>\n\t\t\t\t<\/div>\n\t\t\t\t<\/div>\n\t\t<div class=\"elementor-element elementor-element-6cff4f6 e-flex e-con-boxed e-con e-child\" data-id=\"6cff4f6\" data-element_type=\"container\">\n\t\t\t\t\t<div class=\"e-con-inner\">\n\t\t\t\t<div class=\"elementor-element elementor-element-ee4b92e elementor-widget elementor-widget-heading\" data-id=\"ee4b92e\" data-element_type=\"widget\" data-widget_type=\"heading.default\">\n\t\t\t\t<div class=\"elementor-widget-container\">\n\t\t\t\t\t<h3 class=\"elementor-heading-title elementor-size-default\">Ausa D400AHG<\/h3>\t\t\t\t<\/div>\n\t\t\t\t<\/div>\n\t\t\t\t<div class=\"elementor-element elementor-element-9aa1043 elementor-widget elementor-widget-text-editor\" data-id=\"9aa1043\" data-element_type=\"widget\" data-widget_type=\"text-editor.default\">\n\t\t\t\t<div class=\"elementor-widget-container\">\n\t\t\t\t\t\t\t\t\t<p>Load capacity: 4000 kg<br \/>Dump bed volume: 2.2 m3<br \/>Engine power: 36.5 kW<br \/>Empty weight: 2830 kg<\/p>\t\t\t\t\t\t\t\t<\/div>\n\t\t\t\t<\/div>\n\t\t\t\t<div class=\"elementor-element elementor-element-c87d057 elementor-widget elementor-widget-button\" data-id=\"c87d057\" data-element_type=\"widget\" data-widget_type=\"button.default\">\n\t\t\t\t<div class=\"elementor-widget-container\">\n\t\t\t\t\t\t\t\t\t<div class=\"elementor-button-wrapper\">\n\t\t\t\t\t<a class=\"elementor-button elementor-button-link elementor-size-sm\" href=\"https:\/\/kbrent.ee\/en\/dumperid\/ausa-d400ahg\/\">\n\t\t\t\t\t\t<span class=\"elementor-button-content-wrapper\">\n\t\t\t\t\t\t\t\t\t<span class=\"elementor-button-text\">Additional info<\/span>\n\t\t\t\t\t<\/span>\n\t\t\t\t\t<\/a>\n\t\t\t\t<\/div>\n\t\t\t\t\t\t\t\t<\/div>\n\t\t\t\t<\/div>\n\t\t\t\t\t<\/div>\n\t\t\t\t<\/div>\n\t\t\t\t<\/div>\n\t\t\t\t<\/div>\n\t\t\t\t<\/div>\n\t\t\t\t\t<\/div>\n\t\t\t\t<\/div>\n\t\t\t\t<\/div>","protected":false},"excerpt":{"rendered":"<p>Dumperi rent Dumperid: Volvo A25G Kandev\u00f5ime: 25000 kg Veokasti maht: 15.3 m3 Mootori v\u00f5imsus: 235 kW T\u00fchikaal: 22450 kg Lisainfo Volvo A35G Kandev\u00f5ime: 34500 kg Veokasti maht: 21.2 m3 Mootori v\u00f5imsus: 329 kW T\u00fchikaal: 28950 kg Lisainfo Bergmann C810 Kandev\u00f5ime: 9000 kgVeokasti maht: 4.6 m3Mootori v\u00f5imsus: 75 kWT\u00fchikaal: 6350 kg Lisainfo Ausa D400AHG Kandev\u00f5ime: 4000 [&hellip;]<\/p>","protected":false},"author":2,"featured_media":0,"parent":0,"menu_order":0,"comment_status":"closed","ping_status":"closed","template":"","meta":{"footnotes":""},"class_list":["post-1626","page","type-page","status-publish","hentry"],"yoast_head":"<!-- This site is optimized with the Yoast SEO plugin v25.2 - https:\/\/yoast.com\/wordpress\/plugins\/seo\/ -->\n<title>Dumperid - KB Rent<\/title>\n<meta name=\"description\" content=\"Dumperite rent \u00fcle Eesti. KB Rent pakub dumpereid ehitusele ja maastikut\u00f6\u00f6dele. Kiire k\u00e4ttesaadavus ja usaldusv\u00e4\u00e4rne tehnika.\" \/>\n<meta name=\"robots\" content=\"index, follow, max-snippet:-1, max-image-preview:large, max-video-preview:-1\" \/>\n<link rel=\"canonical\" href=\"https:\/\/kbrent.ee\/en\/dumperid\/\" \/>\n<meta property=\"og:locale\" content=\"en_US\" \/>\n<meta property=\"og:type\" content=\"article\" \/>\n<meta property=\"og:title\" content=\"Dumperid - KB Rent\" \/>\n<meta property=\"og:description\" content=\"Dumperite rent \u00fcle Eesti. KB Rent pakub dumpereid ehitusele ja maastikut\u00f6\u00f6dele. Kiire k\u00e4ttesaadavus ja usaldusv\u00e4\u00e4rne tehnika.\" \/>\n<meta property=\"og:url\" content=\"https:\/\/kbrent.ee\/en\/dumperid\/\" \/>\n<meta property=\"og:site_name\" content=\"KB Rent\" \/>\n<meta property=\"article:modified_time\" content=\"2025-09-04T11:02:53+00:00\" \/>\n<meta property=\"og:image\" content=\"https:\/\/kbrent.ee\/wp-content\/uploads\/2024\/09\/volvo-a25g_prod2__1_-removebg-preview.png\" \/>\n\t<meta property=\"og:image:width\" content=\"612\" \/>\n\t<meta property=\"og:image:height\" content=\"408\" \/>\n\t<meta property=\"og:image:type\" content=\"image\/png\" \/>\n<meta name=\"twitter:card\" content=\"summary_large_image\" \/>\n<meta name=\"twitter:label1\" content=\"Est. reading time\" \/>\n\t<meta name=\"twitter:data1\" content=\"2 minutes\" \/>\n<script type=\"application\/ld+json\" class=\"yoast-schema-graph\">{\"@context\":\"https:\/\/schema.org\",\"@graph\":[{\"@type\":\"WebPage\",\"@id\":\"https:\/\/kbrent.ee\/dumperid\/\",\"url\":\"https:\/\/kbrent.ee\/dumperid\/\",\"name\":\"Dumperid - KB Rent\",\"isPartOf\":{\"@id\":\"https:\/\/kbrent.ee\/#website\"},\"primaryImageOfPage\":{\"@id\":\"https:\/\/kbrent.ee\/dumperid\/#primaryimage\"},\"image\":{\"@id\":\"https:\/\/kbrent.ee\/dumperid\/#primaryimage\"},\"thumbnailUrl\":\"https:\/\/kbrent.ee\/wp-content\/uploads\/2024\/09\/volvo-a25g_prod2__1_-removebg-preview.png\",\"datePublished\":\"2024-09-02T08:58:20+00:00\",\"dateModified\":\"2025-09-04T11:02:53+00:00\",\"description\":\"Dumperite rent \u00fcle Eesti. KB Rent pakub dumpereid ehitusele ja maastikut\u00f6\u00f6dele. Kiire k\u00e4ttesaadavus ja usaldusv\u00e4\u00e4rne tehnika.\",\"inLanguage\":\"en-US\",\"potentialAction\":[{\"@type\":\"ReadAction\",\"target\":[\"https:\/\/kbrent.ee\/dumperid\/\"]}]},{\"@type\":\"ImageObject\",\"inLanguage\":\"en-US\",\"@id\":\"https:\/\/kbrent.ee\/dumperid\/#primaryimage\",\"url\":\"https:\/\/kbrent.ee\/wp-content\/uploads\/2024\/09\/volvo-a25g_prod2__1_-removebg-preview.png\",\"contentUrl\":\"https:\/\/kbrent.ee\/wp-content\/uploads\/2024\/09\/volvo-a25g_prod2__1_-removebg-preview.png\"},{\"@type\":\"WebSite\",\"@id\":\"https:\/\/kbrent.ee\/#website\",\"url\":\"https:\/\/kbrent.ee\/\",\"name\":\"KB Rent\",\"description\":\"Tehnika rent\",\"publisher\":{\"@id\":\"https:\/\/kbrent.ee\/#organization\"},\"potentialAction\":[{\"@type\":\"SearchAction\",\"target\":{\"@type\":\"EntryPoint\",\"urlTemplate\":\"https:\/\/kbrent.ee\/?s={search_term_string}\"},\"query-input\":{\"@type\":\"PropertyValueSpecification\",\"valueRequired\":true,\"valueName\":\"search_term_string\"}}],\"inLanguage\":\"en-US\"},{\"@type\":\"Organization\",\"@id\":\"https:\/\/kbrent.ee\/#organization\",\"name\":\"KB Rent\",\"url\":\"https:\/\/kbrent.ee\/\",\"logo\":{\"@type\":\"ImageObject\",\"inLanguage\":\"en-US\",\"@id\":\"https:\/\/kbrent.ee\/#\/schema\/logo\/image\/\",\"url\":\"https:\/\/kbrent.ee\/wp-content\/uploads\/2024\/06\/logo_header_png.png\",\"contentUrl\":\"https:\/\/kbrent.ee\/wp-content\/uploads\/2024\/06\/logo_header_png.png\",\"width\":488,\"height\":88,\"caption\":\"KB Rent\"},\"image\":{\"@id\":\"https:\/\/kbrent.ee\/#\/schema\/logo\/image\/\"}}]}<\/script>\n<!-- \/ Yoast SEO plugin. -->","yoast_head_json":{"title":"Dumperid - KB Rent","description":"Dumperite rent \u00fcle Eesti. KB Rent pakub dumpereid ehitusele ja maastikut\u00f6\u00f6dele. Kiire k\u00e4ttesaadavus ja usaldusv\u00e4\u00e4rne tehnika.","robots":{"index":"index","follow":"follow","max-snippet":"max-snippet:-1","max-image-preview":"max-image-preview:large","max-video-preview":"max-video-preview:-1"},"canonical":"https:\/\/kbrent.ee\/en\/dumperid\/","og_locale":"en_US","og_type":"article","og_title":"Dumperid - KB Rent","og_description":"Dumperite rent \u00fcle Eesti. KB Rent pakub dumpereid ehitusele ja maastikut\u00f6\u00f6dele. Kiire k\u00e4ttesaadavus ja usaldusv\u00e4\u00e4rne tehnika.","og_url":"https:\/\/kbrent.ee\/en\/dumperid\/","og_site_name":"KB Rent","article_modified_time":"2025-09-04T11:02:53+00:00","og_image":[{"width":612,"height":408,"url":"https:\/\/kbrent.ee\/wp-content\/uploads\/2024\/09\/volvo-a25g_prod2__1_-removebg-preview.png","type":"image\/png"}],"twitter_card":"summary_large_image","twitter_misc":{"Est. reading time":"2 minutes"},"schema":{"@context":"https:\/\/schema.org","@graph":[{"@type":"WebPage","@id":"https:\/\/kbrent.ee\/dumperid\/","url":"https:\/\/kbrent.ee\/dumperid\/","name":"Dumperid - KB Rent","isPartOf":{"@id":"https:\/\/kbrent.ee\/#website"},"primaryImageOfPage":{"@id":"https:\/\/kbrent.ee\/dumperid\/#primaryimage"},"image":{"@id":"https:\/\/kbrent.ee\/dumperid\/#primaryimage"},"thumbnailUrl":"https:\/\/kbrent.ee\/wp-content\/uploads\/2024\/09\/volvo-a25g_prod2__1_-removebg-preview.png","datePublished":"2024-09-02T08:58:20+00:00","dateModified":"2025-09-04T11:02:53+00:00","description":"Dumperite rent \u00fcle Eesti. KB Rent pakub dumpereid ehitusele ja maastikut\u00f6\u00f6dele. Kiire k\u00e4ttesaadavus ja usaldusv\u00e4\u00e4rne tehnika.","inLanguage":"en-US","potentialAction":[{"@type":"ReadAction","target":["https:\/\/kbrent.ee\/dumperid\/"]}]},{"@type":"ImageObject","inLanguage":"en-US","@id":"https:\/\/kbrent.ee\/dumperid\/#primaryimage","url":"https:\/\/kbrent.ee\/wp-content\/uploads\/2024\/09\/volvo-a25g_prod2__1_-removebg-preview.png","contentUrl":"https:\/\/kbrent.ee\/wp-content\/uploads\/2024\/09\/volvo-a25g_prod2__1_-removebg-preview.png"},{"@type":"WebSite","@id":"https:\/\/kbrent.ee\/#website","url":"https:\/\/kbrent.ee\/","name":"KB Rent","description":"Tehnika rent","publisher":{"@id":"https:\/\/kbrent.ee\/#organization"},"potentialAction":[{"@type":"SearchAction","target":{"@type":"EntryPoint","urlTemplate":"https:\/\/kbrent.ee\/?s={search_term_string}"},"query-input":{"@type":"PropertyValueSpecification","valueRequired":true,"valueName":"search_term_string"}}],"inLanguage":"en-US"},{"@type":"Organization","@id":"https:\/\/kbrent.ee\/#organization","name":"KB Rent","url":"https:\/\/kbrent.ee\/","logo":{"@type":"ImageObject","inLanguage":"en-US","@id":"https:\/\/kbrent.ee\/#\/schema\/logo\/image\/","url":"https:\/\/kbrent.ee\/wp-content\/uploads\/2024\/06\/logo_header_png.png","contentUrl":"https:\/\/kbrent.ee\/wp-content\/uploads\/2024\/06\/logo_header_png.png","width":488,"height":88,"caption":"KB Rent"},"image":{"@id":"https:\/\/kbrent.ee\/#\/schema\/logo\/image\/"}}]}},"_links":{"self":[{"href":"https:\/\/kbrent.ee\/en\/wp-json\/wp\/v2\/pages\/1626","targetHints":{"allow":["GET"]}}],"collection":[{"href":"https:\/\/kbrent.ee\/en\/wp-json\/wp\/v2\/pages"}],"about":[{"href":"https:\/\/kbrent.ee\/en\/wp-json\/wp\/v2\/types\/page"}],"author":[{"embeddable":true,"href":"https:\/\/kbrent.ee\/en\/wp-json\/wp\/v2\/users\/2"}],"replies":[{"embeddable":true,"href":"https:\/\/kbrent.ee\/en\/wp-json\/wp\/v2\/comments?post=1626"}],"version-history":[{"count":56,"href":"https:\/\/kbrent.ee\/en\/wp-json\/wp\/v2\/pages\/1626\/revisions"}],"predecessor-version":[{"id":3037,"href":"https:\/\/kbrent.ee\/en\/wp-json\/wp\/v2\/pages\/1626\/revisions\/3037"}],"wp:attachment":[{"href":"https:\/\/kbrent.ee\/en\/wp-json\/wp\/v2\/media?parent=1626"}],"curies":[{"name":"wp","href":"https:\/\/api.w.org\/{rel}","templated":true}]}}