{"id":651,"date":"2024-07-01T12:38:06","date_gmt":"2024-07-01T09:38:06","guid":{"rendered":"https:\/\/kbrent.ee\/?page_id=651"},"modified":"2025-07-21T14:22:21","modified_gmt":"2025-07-21T11:22:21","slug":"transport","status":"publish","type":"page","link":"https:\/\/kbrent.ee\/en\/transport\/","title":{"rendered":"Transport"},"content":{"rendered":"<div data-elementor-type=\"wp-page\" data-elementor-id=\"651\" class=\"elementor elementor-651\" data-elementor-post-type=\"page\">\n\t\t\t\t<div class=\"elementor-element elementor-element-517f983 e-flex e-con-boxed e-con e-parent\" data-id=\"517f983\" data-element_type=\"container\">\n\t\t\t\t\t<div class=\"e-con-inner\">\n\t\t<div class=\"elementor-element elementor-element-54e179a e-con-full e-flex e-con e-child\" data-id=\"54e179a\" data-element_type=\"container\" data-settings=\"{&quot;background_background&quot;:&quot;classic&quot;}\">\n\t\t\t\t<div class=\"elementor-element elementor-element-bec9ab7 elementor-widget elementor-widget-heading\" data-id=\"bec9ab7\" data-element_type=\"widget\" data-widget_type=\"heading.default\">\n\t\t\t\t<div class=\"elementor-widget-container\">\n\t\t\t\t\t<h2 class=\"elementor-heading-title elementor-size-default\">Transport<\/h2>\t\t\t\t<\/div>\n\t\t\t\t<\/div>\n\t\t\t\t<div class=\"elementor-element elementor-element-d8275a4 elementor-widget elementor-widget-text-editor\" data-id=\"d8275a4\" data-element_type=\"widget\" data-widget_type=\"text-editor.default\">\n\t\t\t\t<div class=\"elementor-widget-container\">\n\t\t\t\t\t\t\t\t\t<p><img fetchpriority=\"high\" decoding=\"async\" class=\"alignnone size-medium wp-image-2051\" src=\"https:\/\/kbrent.ee\/wp-content\/uploads\/2024\/11\/e9ea976b-1225-4056-bf87-4333778639f4-225x300.jpg\" alt=\"\" width=\"225\" height=\"300\" srcset=\"https:\/\/kbrent.ee\/wp-content\/uploads\/2024\/11\/e9ea976b-1225-4056-bf87-4333778639f4-225x300.jpg 225w, https:\/\/kbrent.ee\/wp-content\/uploads\/2024\/11\/e9ea976b-1225-4056-bf87-4333778639f4-768x1024.jpg 768w, https:\/\/kbrent.ee\/wp-content\/uploads\/2024\/11\/e9ea976b-1225-4056-bf87-4333778639f4-1152x1536.jpg 1152w, https:\/\/kbrent.ee\/wp-content\/uploads\/2024\/11\/e9ea976b-1225-4056-bf87-4333778639f4.jpg 1536w\" sizes=\"(max-width: 225px) 100vw, 225px\" \/> <img decoding=\"async\" class=\"alignnone size-medium wp-image-2052\" src=\"https:\/\/kbrent.ee\/wp-content\/uploads\/2024\/11\/732be4f9-84bd-435c-a2f4-6c2bf95ff20f-169x300.jpg\" alt=\"\" width=\"169\" height=\"300\" srcset=\"https:\/\/kbrent.ee\/wp-content\/uploads\/2024\/11\/732be4f9-84bd-435c-a2f4-6c2bf95ff20f-169x300.jpg 169w, https:\/\/kbrent.ee\/wp-content\/uploads\/2024\/11\/732be4f9-84bd-435c-a2f4-6c2bf95ff20f-576x1024.jpg 576w, https:\/\/kbrent.ee\/wp-content\/uploads\/2024\/11\/732be4f9-84bd-435c-a2f4-6c2bf95ff20f-768x1365.jpg 768w, https:\/\/kbrent.ee\/wp-content\/uploads\/2024\/11\/732be4f9-84bd-435c-a2f4-6c2bf95ff20f-864x1536.jpg 864w, https:\/\/kbrent.ee\/wp-content\/uploads\/2024\/11\/732be4f9-84bd-435c-a2f4-6c2bf95ff20f.jpg 1152w\" sizes=\"(max-width: 169px) 100vw, 169px\" \/> <img decoding=\"async\" class=\"alignnone size-medium wp-image-2053\" src=\"https:\/\/kbrent.ee\/wp-content\/uploads\/2024\/11\/1def5276-3f61-485a-9755-462da9faf541-225x300.jpg\" alt=\"\" width=\"225\" height=\"300\" srcset=\"https:\/\/kbrent.ee\/wp-content\/uploads\/2024\/11\/1def5276-3f61-485a-9755-462da9faf541-225x300.jpg 225w, https:\/\/kbrent.ee\/wp-content\/uploads\/2024\/11\/1def5276-3f61-485a-9755-462da9faf541-768x1024.jpg 768w, https:\/\/kbrent.ee\/wp-content\/uploads\/2024\/11\/1def5276-3f61-485a-9755-462da9faf541-1152x1536.jpg 1152w, https:\/\/kbrent.ee\/wp-content\/uploads\/2024\/11\/1def5276-3f61-485a-9755-462da9faf541.jpg 1536w\" sizes=\"(max-width: 225px) 100vw, 225px\" \/> <img loading=\"lazy\" decoding=\"async\" class=\"alignnone size-medium wp-image-2054\" src=\"https:\/\/kbrent.ee\/wp-content\/uploads\/2024\/11\/8ac043cc-6e62-4d61-9ce2-d920b1405c2d-229x300.jpg\" alt=\"\" width=\"229\" height=\"300\" srcset=\"https:\/\/kbrent.ee\/wp-content\/uploads\/2024\/11\/8ac043cc-6e62-4d61-9ce2-d920b1405c2d-229x300.jpg 229w, https:\/\/kbrent.ee\/wp-content\/uploads\/2024\/11\/8ac043cc-6e62-4d61-9ce2-d920b1405c2d-780x1024.jpg 780w, https:\/\/kbrent.ee\/wp-content\/uploads\/2024\/11\/8ac043cc-6e62-4d61-9ce2-d920b1405c2d-768x1008.jpg 768w, https:\/\/kbrent.ee\/wp-content\/uploads\/2024\/11\/8ac043cc-6e62-4d61-9ce2-d920b1405c2d.jpg 1037w\" sizes=\"(max-width: 229px) 100vw, 229px\" \/><\/p><p>Rent a small tractor trailer for equipment transport or order equipment with transportation included. KB Rent offers transport for all rental equipment.\u00a0\u00a0<\/p>\t\t\t\t\t\t\t\t<\/div>\n\t\t\t\t<\/div>\n\t\t\t\t<\/div>\n\t\t\t\t\t<\/div>\n\t\t\t\t<\/div>\n\t\t<div class=\"elementor-element elementor-element-70a4229 e-flex e-con-boxed e-con e-parent\" data-id=\"70a4229\" data-element_type=\"container\" data-settings=\"{&quot;background_background&quot;:&quot;classic&quot;}\">\n\t\t\t\t\t<div class=\"e-con-inner\">\n\t\t<div class=\"elementor-element elementor-element-681b611 e-flex e-con-boxed e-con e-child\" data-id=\"681b611\" data-element_type=\"container\">\n\t\t\t\t\t<div class=\"e-con-inner\">\n\t\t<div class=\"elementor-element elementor-element-403db0b e-con-full e-flex e-con e-child\" data-id=\"403db0b\" data-element_type=\"container\" data-settings=\"{&quot;background_background&quot;:&quot;classic&quot;}\">\n\t\t<div class=\"elementor-element elementor-element-9b5b7f6 e-con-full e-flex e-con e-child\" data-id=\"9b5b7f6\" data-element_type=\"container\">\n\t\t\t\t<div class=\"elementor-element elementor-element-9b45988 elementor-widget elementor-widget-image\" data-id=\"9b45988\" data-element_type=\"widget\" data-widget_type=\"image.default\">\n\t\t\t\t<div class=\"elementor-widget-container\">\n\t\t\t\t\t\t\t\t\t\t\t\t\t\t\t<img loading=\"lazy\" decoding=\"async\" width=\"612\" height=\"408\" src=\"https:\/\/kbrent.ee\/wp-content\/uploads\/2024\/07\/ezgif-7-0eb5fdd0a7-removebg-preview.png\" class=\"attachment-large size-large wp-image-1521\" alt=\"\" srcset=\"https:\/\/kbrent.ee\/wp-content\/uploads\/2024\/07\/ezgif-7-0eb5fdd0a7-removebg-preview.png 612w, https:\/\/kbrent.ee\/wp-content\/uploads\/2024\/07\/ezgif-7-0eb5fdd0a7-removebg-preview-300x200.png 300w\" sizes=\"(max-width: 612px) 100vw, 612px\" \/>\t\t\t\t\t\t\t\t\t\t\t\t\t\t\t<\/div>\n\t\t\t\t<\/div>\n\t\t\t\t<\/div>\n\t\t<div class=\"elementor-element elementor-element-888ba71 e-flex e-con-boxed e-con e-child\" data-id=\"888ba71\" data-element_type=\"container\">\n\t\t\t\t\t<div class=\"e-con-inner\">\n\t\t\t\t<div class=\"elementor-element elementor-element-cc55edb elementor-widget elementor-widget-heading\" data-id=\"cc55edb\" data-element_type=\"widget\" data-widget_type=\"heading.default\">\n\t\t\t\t<div class=\"elementor-widget-container\">\n\t\t\t\t\t<h3 class=\"elementor-heading-title elementor-size-default\">Small tractor trailer 3.5t<\/h3>\t\t\t\t<\/div>\n\t\t\t\t<\/div>\n\t\t\t\t<div class=\"elementor-element elementor-element-2e50d1b elementor-widget elementor-widget-button\" data-id=\"2e50d1b\" data-element_type=\"widget\" data-widget_type=\"button.default\">\n\t\t\t\t<div class=\"elementor-widget-container\">\n\t\t\t\t\t\t\t\t\t<div class=\"elementor-button-wrapper\">\n\t\t\t\t\t<a class=\"elementor-button elementor-button-link elementor-size-sm\" href=\"https:\/\/kbrent.ee\/en\/lisaseadmed\/haagis\/\">\n\t\t\t\t\t\t<span class=\"elementor-button-content-wrapper\">\n\t\t\t\t\t\t\t\t\t<span class=\"elementor-button-text\">Additional info<\/span>\n\t\t\t\t\t<\/span>\n\t\t\t\t\t<\/a>\n\t\t\t\t<\/div>\n\t\t\t\t\t\t\t\t<\/div>\n\t\t\t\t<\/div>\n\t\t\t\t\t<\/div>\n\t\t\t\t<\/div>\n\t\t\t\t<\/div>\n\t\t<div class=\"elementor-element elementor-element-7a01e4d e-con-full e-flex e-con e-child\" data-id=\"7a01e4d\" data-element_type=\"container\" data-settings=\"{&quot;background_background&quot;:&quot;classic&quot;}\">\n\t\t<div class=\"elementor-element elementor-element-d321cd0 e-con-full e-flex e-con e-child\" data-id=\"d321cd0\" data-element_type=\"container\">\n\t\t\t\t<\/div>\n\t\t<div class=\"elementor-element elementor-element-e763069 e-flex e-con-boxed e-con e-child\" data-id=\"e763069\" data-element_type=\"container\">\n\t\t\t\t\t<div class=\"e-con-inner\">\n\t\t\t\t\t<\/div>\n\t\t\t\t<\/div>\n\t\t\t\t<\/div>\n\t\t\t\t\t<\/div>\n\t\t\t\t<\/div>\n\t\t\t\t\t<\/div>\n\t\t\t\t<\/div>\n\t\t\t\t<\/div>","protected":false},"excerpt":{"rendered":"<p>Transport Rendi v\u00e4iketraktori haagis seadmete veoks v\u00f5i telli seade koos transpordiga. KB Rent pakub transporti k\u00f5ikidele rendiseadmetele. V\u00e4iketraktori haagis 3.5t Lisainfo<\/p>","protected":false},"author":1,"featured_media":0,"parent":0,"menu_order":5,"comment_status":"closed","ping_status":"closed","template":"","meta":{"footnotes":""},"class_list":["post-651","page","type-page","status-publish","hentry"],"yoast_head":"<!-- This site is optimized with the Yoast SEO plugin v25.2 - https:\/\/yoast.com\/wordpress\/plugins\/seo\/ -->\n<title>Transport - KB Rent<\/title>\n<meta name=\"description\" content=\"KB Rent pakub mugavat ja usaldusv\u00e4\u00e4rset transporti k\u00f5ikidele masinatele \u00fcle kogu Eesti. Rendi rasketehnika meilt!\" \/>\n<meta name=\"robots\" content=\"index, follow, max-snippet:-1, max-image-preview:large, max-video-preview:-1\" \/>\n<link rel=\"canonical\" href=\"https:\/\/kbrent.ee\/en\/transport\/\" \/>\n<meta property=\"og:locale\" content=\"en_US\" \/>\n<meta property=\"og:type\" content=\"article\" \/>\n<meta property=\"og:title\" content=\"Transport - KB Rent\" \/>\n<meta property=\"og:description\" content=\"KB Rent pakub mugavat ja usaldusv\u00e4\u00e4rset transporti k\u00f5ikidele masinatele \u00fcle kogu Eesti. Rendi rasketehnika meilt!\" \/>\n<meta property=\"og:url\" content=\"https:\/\/kbrent.ee\/en\/transport\/\" \/>\n<meta property=\"og:site_name\" content=\"KB Rent\" \/>\n<meta property=\"article:modified_time\" content=\"2025-07-21T11:22:21+00:00\" \/>\n<meta property=\"og:image\" content=\"https:\/\/kbrent.ee\/wp-content\/uploads\/2024\/11\/e9ea976b-1225-4056-bf87-4333778639f4-225x300.jpg\" \/>\n<meta name=\"twitter:card\" content=\"summary_large_image\" \/>\n<meta name=\"twitter:label1\" content=\"Est. reading time\" \/>\n\t<meta name=\"twitter:data1\" content=\"2 minutes\" \/>\n<script type=\"application\/ld+json\" class=\"yoast-schema-graph\">{\"@context\":\"https:\/\/schema.org\",\"@graph\":[{\"@type\":\"WebPage\",\"@id\":\"https:\/\/kbrent.ee\/transport\/\",\"url\":\"https:\/\/kbrent.ee\/transport\/\",\"name\":\"Transport - KB Rent\",\"isPartOf\":{\"@id\":\"https:\/\/kbrent.ee\/#website\"},\"primaryImageOfPage\":{\"@id\":\"https:\/\/kbrent.ee\/transport\/#primaryimage\"},\"image\":{\"@id\":\"https:\/\/kbrent.ee\/transport\/#primaryimage\"},\"thumbnailUrl\":\"https:\/\/kbrent.ee\/wp-content\/uploads\/2024\/11\/e9ea976b-1225-4056-bf87-4333778639f4-225x300.jpg\",\"datePublished\":\"2024-07-01T09:38:06+00:00\",\"dateModified\":\"2025-07-21T11:22:21+00:00\",\"description\":\"KB Rent pakub mugavat ja usaldusv\u00e4\u00e4rset transporti k\u00f5ikidele masinatele \u00fcle kogu Eesti. Rendi rasketehnika meilt!\",\"inLanguage\":\"en-US\",\"potentialAction\":[{\"@type\":\"ReadAction\",\"target\":[\"https:\/\/kbrent.ee\/transport\/\"]}]},{\"@type\":\"ImageObject\",\"inLanguage\":\"en-US\",\"@id\":\"https:\/\/kbrent.ee\/transport\/#primaryimage\",\"url\":\"https:\/\/kbrent.ee\/wp-content\/uploads\/2024\/11\/e9ea976b-1225-4056-bf87-4333778639f4-225x300.jpg\",\"contentUrl\":\"https:\/\/kbrent.ee\/wp-content\/uploads\/2024\/11\/e9ea976b-1225-4056-bf87-4333778639f4-225x300.jpg\"},{\"@type\":\"WebSite\",\"@id\":\"https:\/\/kbrent.ee\/#website\",\"url\":\"https:\/\/kbrent.ee\/\",\"name\":\"KB Rent\",\"description\":\"Tehnika rent\",\"publisher\":{\"@id\":\"https:\/\/kbrent.ee\/#organization\"},\"potentialAction\":[{\"@type\":\"SearchAction\",\"target\":{\"@type\":\"EntryPoint\",\"urlTemplate\":\"https:\/\/kbrent.ee\/?s={search_term_string}\"},\"query-input\":{\"@type\":\"PropertyValueSpecification\",\"valueRequired\":true,\"valueName\":\"search_term_string\"}}],\"inLanguage\":\"en-US\"},{\"@type\":\"Organization\",\"@id\":\"https:\/\/kbrent.ee\/#organization\",\"name\":\"KB Rent\",\"url\":\"https:\/\/kbrent.ee\/\",\"logo\":{\"@type\":\"ImageObject\",\"inLanguage\":\"en-US\",\"@id\":\"https:\/\/kbrent.ee\/#\/schema\/logo\/image\/\",\"url\":\"https:\/\/kbrent.ee\/wp-content\/uploads\/2024\/06\/logo_header_png.png\",\"contentUrl\":\"https:\/\/kbrent.ee\/wp-content\/uploads\/2024\/06\/logo_header_png.png\",\"width\":488,\"height\":88,\"caption\":\"KB Rent\"},\"image\":{\"@id\":\"https:\/\/kbrent.ee\/#\/schema\/logo\/image\/\"}}]}<\/script>\n<!-- \/ Yoast SEO plugin. -->","yoast_head_json":{"title":"Transport - KB Rent","description":"KB Rent pakub mugavat ja usaldusv\u00e4\u00e4rset transporti k\u00f5ikidele masinatele \u00fcle kogu Eesti. Rendi rasketehnika meilt!","robots":{"index":"index","follow":"follow","max-snippet":"max-snippet:-1","max-image-preview":"max-image-preview:large","max-video-preview":"max-video-preview:-1"},"canonical":"https:\/\/kbrent.ee\/en\/transport\/","og_locale":"en_US","og_type":"article","og_title":"Transport - KB Rent","og_description":"KB Rent pakub mugavat ja usaldusv\u00e4\u00e4rset transporti k\u00f5ikidele masinatele \u00fcle kogu Eesti. Rendi rasketehnika meilt!","og_url":"https:\/\/kbrent.ee\/en\/transport\/","og_site_name":"KB Rent","article_modified_time":"2025-07-21T11:22:21+00:00","og_image":[{"url":"https:\/\/kbrent.ee\/wp-content\/uploads\/2024\/11\/e9ea976b-1225-4056-bf87-4333778639f4-225x300.jpg","type":"","width":"","height":""}],"twitter_card":"summary_large_image","twitter_misc":{"Est. reading time":"2 minutes"},"schema":{"@context":"https:\/\/schema.org","@graph":[{"@type":"WebPage","@id":"https:\/\/kbrent.ee\/transport\/","url":"https:\/\/kbrent.ee\/transport\/","name":"Transport - KB Rent","isPartOf":{"@id":"https:\/\/kbrent.ee\/#website"},"primaryImageOfPage":{"@id":"https:\/\/kbrent.ee\/transport\/#primaryimage"},"image":{"@id":"https:\/\/kbrent.ee\/transport\/#primaryimage"},"thumbnailUrl":"https:\/\/kbrent.ee\/wp-content\/uploads\/2024\/11\/e9ea976b-1225-4056-bf87-4333778639f4-225x300.jpg","datePublished":"2024-07-01T09:38:06+00:00","dateModified":"2025-07-21T11:22:21+00:00","description":"KB Rent pakub mugavat ja usaldusv\u00e4\u00e4rset transporti k\u00f5ikidele masinatele \u00fcle kogu Eesti. Rendi rasketehnika meilt!","inLanguage":"en-US","potentialAction":[{"@type":"ReadAction","target":["https:\/\/kbrent.ee\/transport\/"]}]},{"@type":"ImageObject","inLanguage":"en-US","@id":"https:\/\/kbrent.ee\/transport\/#primaryimage","url":"https:\/\/kbrent.ee\/wp-content\/uploads\/2024\/11\/e9ea976b-1225-4056-bf87-4333778639f4-225x300.jpg","contentUrl":"https:\/\/kbrent.ee\/wp-content\/uploads\/2024\/11\/e9ea976b-1225-4056-bf87-4333778639f4-225x300.jpg"},{"@type":"WebSite","@id":"https:\/\/kbrent.ee\/#website","url":"https:\/\/kbrent.ee\/","name":"KB Rent","description":"Tehnika rent","publisher":{"@id":"https:\/\/kbrent.ee\/#organization"},"potentialAction":[{"@type":"SearchAction","target":{"@type":"EntryPoint","urlTemplate":"https:\/\/kbrent.ee\/?s={search_term_string}"},"query-input":{"@type":"PropertyValueSpecification","valueRequired":true,"valueName":"search_term_string"}}],"inLanguage":"en-US"},{"@type":"Organization","@id":"https:\/\/kbrent.ee\/#organization","name":"KB Rent","url":"https:\/\/kbrent.ee\/","logo":{"@type":"ImageObject","inLanguage":"en-US","@id":"https:\/\/kbrent.ee\/#\/schema\/logo\/image\/","url":"https:\/\/kbrent.ee\/wp-content\/uploads\/2024\/06\/logo_header_png.png","contentUrl":"https:\/\/kbrent.ee\/wp-content\/uploads\/2024\/06\/logo_header_png.png","width":488,"height":88,"caption":"KB Rent"},"image":{"@id":"https:\/\/kbrent.ee\/#\/schema\/logo\/image\/"}}]}},"_links":{"self":[{"href":"https:\/\/kbrent.ee\/en\/wp-json\/wp\/v2\/pages\/651","targetHints":{"allow":["GET"]}}],"collection":[{"href":"https:\/\/kbrent.ee\/en\/wp-json\/wp\/v2\/pages"}],"about":[{"href":"https:\/\/kbrent.ee\/en\/wp-json\/wp\/v2\/types\/page"}],"author":[{"embeddable":true,"href":"https:\/\/kbrent.ee\/en\/wp-json\/wp\/v2\/users\/1"}],"replies":[{"embeddable":true,"href":"https:\/\/kbrent.ee\/en\/wp-json\/wp\/v2\/comments?post=651"}],"version-history":[{"count":42,"href":"https:\/\/kbrent.ee\/en\/wp-json\/wp\/v2\/pages\/651\/revisions"}],"predecessor-version":[{"id":3002,"href":"https:\/\/kbrent.ee\/en\/wp-json\/wp\/v2\/pages\/651\/revisions\/3002"}],"wp:attachment":[{"href":"https:\/\/kbrent.ee\/en\/wp-json\/wp\/v2\/media?parent=651"}],"curies":[{"name":"wp","href":"https:\/\/api.w.org\/{rel}","templated":true}]}}