{"id":1628,"date":"2024-09-02T11:58:26","date_gmt":"2024-09-02T08:58:26","guid":{"rendered":"https:\/\/kbrent.ee\/?page_id=1628"},"modified":"2025-11-21T14:15:41","modified_gmt":"2025-11-21T11:15:41","slug":"buldooserid","status":"publish","type":"page","link":"https:\/\/kbrent.ee\/ru\/buldooserid\/","title":{"rendered":"\u0411\u0443\u043b\u044c\u0434\u043e\u0437\u0435\u0440\u044b"},"content":{"rendered":"<div data-elementor-type=\"wp-page\" data-elementor-id=\"1628\" class=\"elementor elementor-1628\" data-elementor-post-type=\"page\">\n\t\t\t\t<div class=\"elementor-element elementor-element-312a206 e-flex e-con-boxed e-con e-parent\" data-id=\"312a206\" data-element_type=\"container\">\n\t\t\t\t\t<div class=\"e-con-inner\">\n\t\t\t\t<div class=\"elementor-element elementor-element-0065781 elementor-widget elementor-widget-heading\" data-id=\"0065781\" data-element_type=\"widget\" data-widget_type=\"heading.default\">\n\t\t\t\t<div class=\"elementor-widget-container\">\n\t\t\t\t\t<h1 class=\"elementor-heading-title elementor-size-default\">Buldooseri rent<\/h1>\t\t\t\t<\/div>\n\t\t\t\t<\/div>\n\t\t\t\t<div class=\"elementor-element elementor-element-27a1962 elementor-widget-divider--view-line elementor-widget elementor-widget-divider\" data-id=\"27a1962\" data-element_type=\"widget\" data-widget_type=\"divider.default\">\n\t\t\t\t<div class=\"elementor-widget-container\">\n\t\t\t\t\t\t\t<div class=\"elementor-divider\">\n\t\t\t<span class=\"elementor-divider-separator\">\n\t\t\t\t\t\t<\/span>\n\t\t<\/div>\n\t\t\t\t\t\t<\/div>\n\t\t\t\t<\/div>\n\t\t\t\t\t<\/div>\n\t\t\t\t<\/div>\n\t\t<div class=\"elementor-element elementor-element-7296de89 e-flex e-con-boxed e-con e-parent\" data-id=\"7296de89\" data-element_type=\"container\">\n\t\t\t\t\t<div class=\"e-con-inner\">\n\t\t\t\t<div class=\"elementor-element elementor-element-61813451 elementor-widget elementor-widget-menu-anchor\" data-id=\"61813451\" data-element_type=\"widget\" data-widget_type=\"menu-anchor.default\">\n\t\t\t\t<div class=\"elementor-widget-container\">\n\t\t\t\t\t\t\t<div class=\"elementor-menu-anchor\" id=\"teehoovlid\"><\/div>\n\t\t\t\t\t\t<\/div>\n\t\t\t\t<\/div>\n\t\t\t\t<div class=\"elementor-element elementor-element-2b90cf35 elementor-widget elementor-widget-heading\" data-id=\"2b90cf35\" data-element_type=\"widget\" data-widget_type=\"heading.default\">\n\t\t\t\t<div class=\"elementor-widget-container\">\n\t\t\t\t\t<h2 class=\"elementor-heading-title elementor-size-default\">Buldooserid:<\/h2>\t\t\t\t<\/div>\n\t\t\t\t<\/div>\n\t\t\t\t\t<\/div>\n\t\t\t\t<\/div>\n\t\t<div class=\"elementor-element elementor-element-5888629a e-flex e-con-boxed e-con e-parent\" data-id=\"5888629a\" data-element_type=\"container\" data-settings=\"{&quot;background_background&quot;:&quot;classic&quot;}\">\n\t\t\t\t\t<div class=\"e-con-inner\">\n\t\t<div class=\"elementor-element elementor-element-3790ca2a e-flex e-con-boxed e-con e-child\" data-id=\"3790ca2a\" data-element_type=\"container\">\n\t\t\t\t\t<div class=\"e-con-inner\">\n\t\t<div class=\"elementor-element elementor-element-6da31e07 e-con-full e-flex e-con e-child\" data-id=\"6da31e07\" data-element_type=\"container\" data-settings=\"{&quot;background_background&quot;:&quot;classic&quot;}\">\n\t\t<div class=\"elementor-element elementor-element-1066f736 e-con-full e-flex e-con e-child\" data-id=\"1066f736\" data-element_type=\"container\">\n\t\t\t\t<div class=\"elementor-element elementor-element-3b98eaae elementor-widget elementor-widget-image\" data-id=\"3b98eaae\" data-element_type=\"widget\" data-widget_type=\"image.default\">\n\t\t\t\t<div class=\"elementor-widget-container\">\n\t\t\t\t\t\t\t\t\t\t\t\t\t\t\t<img fetchpriority=\"high\" decoding=\"async\" width=\"577\" height=\"433\" src=\"https:\/\/kbrent.ee\/wp-content\/uploads\/2025\/11\/download__3_-removebg-preview.png\" class=\"attachment-large size-large wp-image-3154\" alt=\"\" srcset=\"https:\/\/kbrent.ee\/wp-content\/uploads\/2025\/11\/download__3_-removebg-preview.png 577w, https:\/\/kbrent.ee\/wp-content\/uploads\/2025\/11\/download__3_-removebg-preview-300x225.png 300w, https:\/\/kbrent.ee\/wp-content\/uploads\/2025\/11\/download__3_-removebg-preview-16x12.png 16w\" sizes=\"(max-width: 577px) 100vw, 577px\" \/>\t\t\t\t\t\t\t\t\t\t\t\t\t\t\t<\/div>\n\t\t\t\t<\/div>\n\t\t\t\t<\/div>\n\t\t<div class=\"elementor-element elementor-element-566a2780 e-flex e-con-boxed e-con e-child\" data-id=\"566a2780\" data-element_type=\"container\">\n\t\t\t\t\t<div class=\"e-con-inner\">\n\t\t\t\t<div class=\"elementor-element elementor-element-24a6e7d6 elementor-widget elementor-widget-heading\" data-id=\"24a6e7d6\" data-element_type=\"widget\" data-widget_type=\"heading.default\">\n\t\t\t\t<div class=\"elementor-widget-container\">\n\t\t\t\t\t<h3 class=\"elementor-heading-title elementor-size-default\">CAT D4 LGP &lt;15t\n<\/h3>\t\t\t\t<\/div>\n\t\t\t\t<\/div>\n\t\t\t\t<div class=\"elementor-element elementor-element-a9d5134 elementor-widget elementor-widget-text-editor\" data-id=\"a9d5134\" data-element_type=\"widget\" data-widget_type=\"text-editor.default\">\n\t\t\t\t<div class=\"elementor-widget-container\">\n\t\t\t\t\t\t\t\t\t<p>\u0420\u0430\u0431\u043e\u0447\u0438\u0439 \u0432\u0435\u0441: 14500 \u043a\u0433<br \/>\u041f\u0435\u0440\u0435\u0434\u043d\u0438\u0439 \u043e\u0442\u0432\u0430\u043b: 6-\u043d\u0430\u043f\u0440\u0430\u0432\u043b\u0435\u043d\u043d\u044b\u0439, \u0449\u0435\u0431\u043d\u0435\u0432\u044b\u0439<br \/>\u0428\u0438\u0440\u0438\u043d\u0430 \u043f\u0435\u0440\u0435\u0434\u043d\u0435\u0433\u043e \u043e\u0442\u0432\u0430\u043b\u0430: 3684 \u043c\u043c<br \/>\u0428\u0438\u0440\u0438\u043d\u0430 \u0433\u0443\u0441\u0435\u043d\u0438\u0446\u044b: 760 \u043c\u043c<br \/>Leica 3D<\/p>\t\t\t\t\t\t\t\t<\/div>\n\t\t\t\t<\/div>\n\t\t\t\t<div class=\"elementor-element elementor-element-2c405ef3 elementor-widget elementor-widget-button\" data-id=\"2c405ef3\" data-element_type=\"widget\" data-widget_type=\"button.default\">\n\t\t\t\t<div class=\"elementor-widget-container\">\n\t\t\t\t\t\t\t\t\t<div class=\"elementor-button-wrapper\">\n\t\t\t\t\t<a class=\"elementor-button elementor-button-link elementor-size-sm\" href=\"https:\/\/kbrent.ee\/ru\/teehoovlid\/cat-d4\/\">\n\t\t\t\t\t\t<span class=\"elementor-button-content-wrapper\">\n\t\t\t\t\t\t\t\t\t<span class=\"elementor-button-text\">\u0418\u043d\u0444\u043e<\/span>\n\t\t\t\t\t<\/span>\n\t\t\t\t\t<\/a>\n\t\t\t\t<\/div>\n\t\t\t\t\t\t\t\t<\/div>\n\t\t\t\t<\/div>\n\t\t\t\t\t<\/div>\n\t\t\t\t<\/div>\n\t\t\t\t<\/div>\n\t\t<div class=\"elementor-element elementor-element-33d952a e-con-full e-flex e-con e-child\" data-id=\"33d952a\" data-element_type=\"container\" data-settings=\"{&quot;background_background&quot;:&quot;classic&quot;}\">\n\t\t<div class=\"elementor-element elementor-element-29c03e0 e-con-full e-flex e-con e-child\" data-id=\"29c03e0\" data-element_type=\"container\">\n\t\t\t\t<div class=\"elementor-element elementor-element-ca3a79a elementor-widget elementor-widget-image\" data-id=\"ca3a79a\" data-element_type=\"widget\" data-widget_type=\"image.default\">\n\t\t\t\t<div class=\"elementor-widget-container\">\n\t\t\t\t\t\t\t\t\t\t\t\t\t\t\t<img decoding=\"async\" width=\"577\" height=\"433\" src=\"https:\/\/kbrent.ee\/wp-content\/uploads\/2025\/11\/CM20200128-47d75-0722a-removebg-preview.png\" class=\"attachment-large size-large wp-image-3136\" alt=\"\" srcset=\"https:\/\/kbrent.ee\/wp-content\/uploads\/2025\/11\/CM20200128-47d75-0722a-removebg-preview.png 577w, https:\/\/kbrent.ee\/wp-content\/uploads\/2025\/11\/CM20200128-47d75-0722a-removebg-preview-300x225.png 300w, https:\/\/kbrent.ee\/wp-content\/uploads\/2025\/11\/CM20200128-47d75-0722a-removebg-preview-16x12.png 16w\" sizes=\"(max-width: 577px) 100vw, 577px\" \/>\t\t\t\t\t\t\t\t\t\t\t\t\t\t\t<\/div>\n\t\t\t\t<\/div>\n\t\t\t\t<\/div>\n\t\t<div class=\"elementor-element elementor-element-d79d486 e-flex e-con-boxed e-con e-child\" data-id=\"d79d486\" data-element_type=\"container\">\n\t\t\t\t\t<div class=\"e-con-inner\">\n\t\t\t\t<div class=\"elementor-element elementor-element-d5987b9 elementor-widget elementor-widget-heading\" data-id=\"d5987b9\" data-element_type=\"widget\" data-widget_type=\"heading.default\">\n\t\t\t\t<div class=\"elementor-widget-container\">\n\t\t\t\t\t<h3 class=\"elementor-heading-title elementor-size-default\">CAT D7 LGP &lt;29t\n<\/h3>\t\t\t\t<\/div>\n\t\t\t\t<\/div>\n\t\t\t\t<div class=\"elementor-element elementor-element-6e7af4d elementor-widget elementor-widget-text-editor\" data-id=\"6e7af4d\" data-element_type=\"widget\" data-widget_type=\"text-editor.default\">\n\t\t\t\t<div class=\"elementor-widget-container\">\n\t\t\t\t\t\t\t\t\t<p>\u0420\u0430\u0431\u043e\u0447\u0438\u0439 \u0432\u0435\u0441: 29000 \u043a\u0433<br \/>\u041f\u0435\u0440\u0435\u0434\u043d\u0438\u0439 \u043e\u0442\u0432\u0430\u043b: 4-\u043d\u0430\u043f\u0440\u0430\u0432\u043b\u0435\u043d\u043d\u044b\u0439<br \/>\u0428\u0438\u0440\u0438\u043d\u0430 \u043f\u0435\u0440\u0435\u0434\u043d\u0435\u0433\u043e \u043e\u0442\u0432\u0430\u043b\u0430: 4 367 \u043c\u043c<br \/>\u0428\u0438\u0440\u0438\u043d\u0430 \u0433\u0443\u0441\u0435\u043d\u0438\u0446\u044b: 910 \u043c\u043c<br \/>\u0417\u0430\u0434\u043d\u0438\u0439: \u0440\u044b\u0445\u043b\u0438\u0442\u0435\u043b\u044c<\/p>\t\t\t\t\t\t\t\t<\/div>\n\t\t\t\t<\/div>\n\t\t\t\t<div class=\"elementor-element elementor-element-bd14660 elementor-widget elementor-widget-button\" data-id=\"bd14660\" data-element_type=\"widget\" data-widget_type=\"button.default\">\n\t\t\t\t<div class=\"elementor-widget-container\">\n\t\t\t\t\t\t\t\t\t<div class=\"elementor-button-wrapper\">\n\t\t\t\t\t<a class=\"elementor-button elementor-button-link elementor-size-sm\" href=\"https:\/\/kbrent.ee\/ru\/teehoovlid\/cat-d7\/\">\n\t\t\t\t\t\t<span class=\"elementor-button-content-wrapper\">\n\t\t\t\t\t\t\t\t\t<span class=\"elementor-button-text\">\u0418\u043d\u0444\u043e<\/span>\n\t\t\t\t\t<\/span>\n\t\t\t\t\t<\/a>\n\t\t\t\t<\/div>\n\t\t\t\t\t\t\t\t<\/div>\n\t\t\t\t<\/div>\n\t\t\t\t\t<\/div>\n\t\t\t\t<\/div>\n\t\t\t\t<\/div>\n\t\t\t\t\t<\/div>\n\t\t\t\t<\/div>\n\t\t\t\t\t<\/div>\n\t\t\t\t<\/div>\n\t\t\t\t<\/div>","protected":false},"excerpt":{"rendered":"<p>Buldooseri rent Buldooserid: CAT D4 LGP &lt;15t T\u00f6\u00f6kaal: 14500 kgEsisahk: 6-suunaline, killustopEsisaha laius: 3684 mmRoomiku laius: 760 mmLeica 3D Lisainfo CAT D7 LGP &lt;29t T\u00f6\u00f6kaal: 29000 kgEsisahk: 4-suunalineEsisaha laius: 4 367 mmRoomiku laius: 910 mmTaga: Ripper Lisainfo<\/p>","protected":false},"author":2,"featured_media":0,"parent":0,"menu_order":0,"comment_status":"closed","ping_status":"closed","template":"","meta":{"footnotes":""},"class_list":["post-1628","page","type-page","status-publish","hentry"],"yoast_head":"<!-- This site is optimized with the Yoast SEO plugin v25.2 - https:\/\/yoast.com\/wordpress\/plugins\/seo\/ -->\n<title>Buldooserid - KB Rent<\/title>\n<meta name=\"description\" content=\"Teeh\u00f6\u00f6vlite rent kogu Eestis. KB Rent pakub usaldusv\u00e4\u00e4rset rasketehnikat sinu projektidele. Kiire ja mugav.\" \/>\n<meta name=\"robots\" content=\"index, follow, max-snippet:-1, max-image-preview:large, max-video-preview:-1\" \/>\n<link rel=\"canonical\" href=\"https:\/\/kbrent.ee\/ru\/buldooserid\/\" \/>\n<meta property=\"og:locale\" content=\"ru_RU\" \/>\n<meta property=\"og:type\" content=\"article\" \/>\n<meta property=\"og:title\" content=\"Buldooserid - KB Rent\" \/>\n<meta property=\"og:description\" content=\"Teeh\u00f6\u00f6vlite rent kogu Eestis. KB Rent pakub usaldusv\u00e4\u00e4rset rasketehnikat sinu projektidele. Kiire ja mugav.\" \/>\n<meta property=\"og:url\" content=\"https:\/\/kbrent.ee\/ru\/buldooserid\/\" \/>\n<meta property=\"og:site_name\" content=\"KB Rent\" \/>\n<meta property=\"article:modified_time\" content=\"2025-11-21T11:15:41+00:00\" \/>\n<meta property=\"og:image\" content=\"https:\/\/kbrent.ee\/wp-content\/uploads\/2025\/11\/download__3_-removebg-preview.png\" \/>\n\t<meta property=\"og:image:width\" content=\"577\" \/>\n\t<meta property=\"og:image:height\" content=\"433\" \/>\n\t<meta property=\"og:image:type\" content=\"image\/png\" \/>\n<meta name=\"twitter:card\" content=\"summary_large_image\" \/>\n<meta name=\"twitter:label1\" content=\"Est. reading time\" \/>\n\t<meta name=\"twitter:data1\" content=\"1 \u043c\u0438\u043d\u0443\u0442\u0430\" \/>\n<script type=\"application\/ld+json\" class=\"yoast-schema-graph\">{\"@context\":\"https:\/\/schema.org\",\"@graph\":[{\"@type\":\"WebPage\",\"@id\":\"https:\/\/kbrent.ee\/buldooserid\/\",\"url\":\"https:\/\/kbrent.ee\/buldooserid\/\",\"name\":\"Buldooserid - KB Rent\",\"isPartOf\":{\"@id\":\"https:\/\/kbrent.ee\/#website\"},\"primaryImageOfPage\":{\"@id\":\"https:\/\/kbrent.ee\/buldooserid\/#primaryimage\"},\"image\":{\"@id\":\"https:\/\/kbrent.ee\/buldooserid\/#primaryimage\"},\"thumbnailUrl\":\"https:\/\/kbrent.ee\/wp-content\/uploads\/2025\/11\/download__3_-removebg-preview.png\",\"datePublished\":\"2024-09-02T08:58:26+00:00\",\"dateModified\":\"2025-11-21T11:15:41+00:00\",\"description\":\"Teeh\u00f6\u00f6vlite rent kogu Eestis. KB Rent pakub usaldusv\u00e4\u00e4rset rasketehnikat sinu projektidele. Kiire ja mugav.\",\"inLanguage\":\"ru-RU\",\"potentialAction\":[{\"@type\":\"ReadAction\",\"target\":[\"https:\/\/kbrent.ee\/buldooserid\/\"]}]},{\"@type\":\"ImageObject\",\"inLanguage\":\"ru-RU\",\"@id\":\"https:\/\/kbrent.ee\/buldooserid\/#primaryimage\",\"url\":\"https:\/\/kbrent.ee\/wp-content\/uploads\/2025\/11\/download__3_-removebg-preview.png\",\"contentUrl\":\"https:\/\/kbrent.ee\/wp-content\/uploads\/2025\/11\/download__3_-removebg-preview.png\"},{\"@type\":\"WebSite\",\"@id\":\"https:\/\/kbrent.ee\/#website\",\"url\":\"https:\/\/kbrent.ee\/\",\"name\":\"KB Rent\",\"description\":\"Tehnika rent\",\"publisher\":{\"@id\":\"https:\/\/kbrent.ee\/#organization\"},\"potentialAction\":[{\"@type\":\"SearchAction\",\"target\":{\"@type\":\"EntryPoint\",\"urlTemplate\":\"https:\/\/kbrent.ee\/?s={search_term_string}\"},\"query-input\":{\"@type\":\"PropertyValueSpecification\",\"valueRequired\":true,\"valueName\":\"search_term_string\"}}],\"inLanguage\":\"ru-RU\"},{\"@type\":\"Organization\",\"@id\":\"https:\/\/kbrent.ee\/#organization\",\"name\":\"KB Rent\",\"url\":\"https:\/\/kbrent.ee\/\",\"logo\":{\"@type\":\"ImageObject\",\"inLanguage\":\"ru-RU\",\"@id\":\"https:\/\/kbrent.ee\/#\/schema\/logo\/image\/\",\"url\":\"https:\/\/kbrent.ee\/wp-content\/uploads\/2024\/06\/logo_header_png.png\",\"contentUrl\":\"https:\/\/kbrent.ee\/wp-content\/uploads\/2024\/06\/logo_header_png.png\",\"width\":488,\"height\":88,\"caption\":\"KB Rent\"},\"image\":{\"@id\":\"https:\/\/kbrent.ee\/#\/schema\/logo\/image\/\"}}]}<\/script>\n<!-- \/ Yoast SEO plugin. -->","yoast_head_json":{"title":"Buldooserid - KB Rent","description":"Teeh\u00f6\u00f6vlite rent kogu Eestis. KB Rent pakub usaldusv\u00e4\u00e4rset rasketehnikat sinu projektidele. Kiire ja mugav.","robots":{"index":"index","follow":"follow","max-snippet":"max-snippet:-1","max-image-preview":"max-image-preview:large","max-video-preview":"max-video-preview:-1"},"canonical":"https:\/\/kbrent.ee\/ru\/buldooserid\/","og_locale":"ru_RU","og_type":"article","og_title":"Buldooserid - KB Rent","og_description":"Teeh\u00f6\u00f6vlite rent kogu Eestis. KB Rent pakub usaldusv\u00e4\u00e4rset rasketehnikat sinu projektidele. Kiire ja mugav.","og_url":"https:\/\/kbrent.ee\/ru\/buldooserid\/","og_site_name":"KB Rent","article_modified_time":"2025-11-21T11:15:41+00:00","og_image":[{"width":577,"height":433,"url":"https:\/\/kbrent.ee\/wp-content\/uploads\/2025\/11\/download__3_-removebg-preview.png","type":"image\/png"}],"twitter_card":"summary_large_image","twitter_misc":{"Est. reading time":"1 \u043c\u0438\u043d\u0443\u0442\u0430"},"schema":{"@context":"https:\/\/schema.org","@graph":[{"@type":"WebPage","@id":"https:\/\/kbrent.ee\/buldooserid\/","url":"https:\/\/kbrent.ee\/buldooserid\/","name":"Buldooserid - KB Rent","isPartOf":{"@id":"https:\/\/kbrent.ee\/#website"},"primaryImageOfPage":{"@id":"https:\/\/kbrent.ee\/buldooserid\/#primaryimage"},"image":{"@id":"https:\/\/kbrent.ee\/buldooserid\/#primaryimage"},"thumbnailUrl":"https:\/\/kbrent.ee\/wp-content\/uploads\/2025\/11\/download__3_-removebg-preview.png","datePublished":"2024-09-02T08:58:26+00:00","dateModified":"2025-11-21T11:15:41+00:00","description":"Teeh\u00f6\u00f6vlite rent kogu Eestis. KB Rent pakub usaldusv\u00e4\u00e4rset rasketehnikat sinu projektidele. Kiire ja mugav.","inLanguage":"ru-RU","potentialAction":[{"@type":"ReadAction","target":["https:\/\/kbrent.ee\/buldooserid\/"]}]},{"@type":"ImageObject","inLanguage":"ru-RU","@id":"https:\/\/kbrent.ee\/buldooserid\/#primaryimage","url":"https:\/\/kbrent.ee\/wp-content\/uploads\/2025\/11\/download__3_-removebg-preview.png","contentUrl":"https:\/\/kbrent.ee\/wp-content\/uploads\/2025\/11\/download__3_-removebg-preview.png"},{"@type":"WebSite","@id":"https:\/\/kbrent.ee\/#website","url":"https:\/\/kbrent.ee\/","name":"KB Rent","description":"Tehnika rent","publisher":{"@id":"https:\/\/kbrent.ee\/#organization"},"potentialAction":[{"@type":"SearchAction","target":{"@type":"EntryPoint","urlTemplate":"https:\/\/kbrent.ee\/?s={search_term_string}"},"query-input":{"@type":"PropertyValueSpecification","valueRequired":true,"valueName":"search_term_string"}}],"inLanguage":"ru-RU"},{"@type":"Organization","@id":"https:\/\/kbrent.ee\/#organization","name":"KB Rent","url":"https:\/\/kbrent.ee\/","logo":{"@type":"ImageObject","inLanguage":"ru-RU","@id":"https:\/\/kbrent.ee\/#\/schema\/logo\/image\/","url":"https:\/\/kbrent.ee\/wp-content\/uploads\/2024\/06\/logo_header_png.png","contentUrl":"https:\/\/kbrent.ee\/wp-content\/uploads\/2024\/06\/logo_header_png.png","width":488,"height":88,"caption":"KB Rent"},"image":{"@id":"https:\/\/kbrent.ee\/#\/schema\/logo\/image\/"}}]}},"_links":{"self":[{"href":"https:\/\/kbrent.ee\/ru\/wp-json\/wp\/v2\/pages\/1628","targetHints":{"allow":["GET"]}}],"collection":[{"href":"https:\/\/kbrent.ee\/ru\/wp-json\/wp\/v2\/pages"}],"about":[{"href":"https:\/\/kbrent.ee\/ru\/wp-json\/wp\/v2\/types\/page"}],"author":[{"embeddable":true,"href":"https:\/\/kbrent.ee\/ru\/wp-json\/wp\/v2\/users\/2"}],"replies":[{"embeddable":true,"href":"https:\/\/kbrent.ee\/ru\/wp-json\/wp\/v2\/comments?post=1628"}],"version-history":[{"count":63,"href":"https:\/\/kbrent.ee\/ru\/wp-json\/wp\/v2\/pages\/1628\/revisions"}],"predecessor-version":[{"id":3169,"href":"https:\/\/kbrent.ee\/ru\/wp-json\/wp\/v2\/pages\/1628\/revisions\/3169"}],"wp:attachment":[{"href":"https:\/\/kbrent.ee\/ru\/wp-json\/wp\/v2\/media?parent=1628"}],"curies":[{"name":"wp","href":"https:\/\/api.w.org\/{rel}","templated":true}]}}