{"id":703,"date":"2024-07-03T12:09:21","date_gmt":"2024-07-03T09:09:21","guid":{"rendered":"https:\/\/kbrent.ee\/?page_id=703"},"modified":"2025-07-21T14:21:15","modified_gmt":"2025-07-21T11:21:15","slug":"pinnase-ja-teerullid","status":"publish","type":"page","link":"https:\/\/kbrent.ee\/ru\/pinnase-ja-teerullid\/","title":{"rendered":"\u0413\u0440\u0443\u043d\u0442\u043e\u0432\u044b\u0435 \u0438 \u0434\u043e\u0440\u043e\u0436\u043d\u044b\u0435 \u043a\u0430\u0442\u043a\u0438"},"content":{"rendered":"<div data-elementor-type=\"wp-page\" data-elementor-id=\"703\" class=\"elementor elementor-703\" data-elementor-post-type=\"page\">\n\t\t\t\t<div class=\"elementor-element elementor-element-b7301a4 e-flex e-con-boxed e-con e-parent\" data-id=\"b7301a4\" data-element_type=\"container\">\n\t\t\t\t\t<div class=\"e-con-inner\">\n\t\t\t\t<div class=\"elementor-element elementor-element-73042a6 elementor-widget elementor-widget-heading\" data-id=\"73042a6\" data-element_type=\"widget\" data-widget_type=\"heading.default\">\n\t\t\t\t<div class=\"elementor-widget-container\">\n\t\t\t\t\t<h1 class=\"elementor-heading-title elementor-size-default\">\u0410\u0440\u0435\u043d\u0434\u0430 \u0434\u043e\u0440\u043e\u0436\u043d\u043e\u0433\u043e \u043a\u0430\u0442\u043a\u0430<\/h1>\t\t\t\t<\/div>\n\t\t\t\t<\/div>\n\t\t\t\t<div class=\"elementor-element elementor-element-eac9aa5 elementor-widget-divider--view-line elementor-widget elementor-widget-divider\" data-id=\"eac9aa5\" data-element_type=\"widget\" data-widget_type=\"divider.default\">\n\t\t\t\t<div class=\"elementor-widget-container\">\n\t\t\t\t\t\t\t<div class=\"elementor-divider\">\n\t\t\t<span class=\"elementor-divider-separator\">\n\t\t\t\t\t\t<\/span>\n\t\t<\/div>\n\t\t\t\t\t\t<\/div>\n\t\t\t\t<\/div>\n\t\t\t\t\t<\/div>\n\t\t\t\t<\/div>\n\t\t<div class=\"elementor-element elementor-element-60afee83 e-flex e-con-boxed e-con e-parent\" data-id=\"60afee83\" data-element_type=\"container\">\n\t\t\t\t\t<div class=\"e-con-inner\">\n\t\t\t\t<div class=\"elementor-element elementor-element-7868b5dd elementor-widget elementor-widget-menu-anchor\" data-id=\"7868b5dd\" data-element_type=\"widget\" data-widget_type=\"menu-anchor.default\">\n\t\t\t\t<div class=\"elementor-widget-container\">\n\t\t\t\t\t\t\t<div class=\"elementor-menu-anchor\" id=\"teerull\"><\/div>\n\t\t\t\t\t\t<\/div>\n\t\t\t\t<\/div>\n\t\t\t\t<div class=\"elementor-element elementor-element-2f4dd5a6 elementor-widget elementor-widget-heading\" data-id=\"2f4dd5a6\" data-element_type=\"widget\" data-widget_type=\"heading.default\">\n\t\t\t\t<div class=\"elementor-widget-container\">\n\t\t\t\t\t<h2 class=\"elementor-heading-title elementor-size-default\">\u0414\u043e\u0440\u043e\u0436\u043d\u044b\u0435 \u043a\u0430\u0442\u043a\u0438:<\/h2>\t\t\t\t<\/div>\n\t\t\t\t<\/div>\n\t\t\t\t\t<\/div>\n\t\t\t\t<\/div>\n\t\t<div class=\"elementor-element elementor-element-27aa5b4e e-flex e-con-boxed e-con e-parent\" data-id=\"27aa5b4e\" data-element_type=\"container\" data-settings=\"{&quot;background_background&quot;:&quot;classic&quot;}\">\n\t\t\t\t\t<div class=\"e-con-inner\">\n\t\t<div class=\"elementor-element elementor-element-1eb78d80 e-flex e-con-boxed e-con e-child\" data-id=\"1eb78d80\" data-element_type=\"container\">\n\t\t\t\t\t<div class=\"e-con-inner\">\n\t\t<div class=\"elementor-element elementor-element-40963df9 e-con-full e-flex e-con e-child\" data-id=\"40963df9\" data-element_type=\"container\" data-settings=\"{&quot;background_background&quot;:&quot;classic&quot;}\">\n\t\t<div class=\"elementor-element elementor-element-2390c900 e-con-full e-flex e-con e-child\" data-id=\"2390c900\" data-element_type=\"container\">\n\t\t\t\t<div class=\"elementor-element elementor-element-6d1baa91 elementor-widget elementor-widget-image\" data-id=\"6d1baa91\" data-element_type=\"widget\" data-widget_type=\"image.default\">\n\t\t\t\t<div class=\"elementor-widget-container\">\n\t\t\t\t\t\t\t\t\t\t\t\t\t\t\t<img fetchpriority=\"high\" decoding=\"async\" width=\"577\" height=\"433\" src=\"https:\/\/kbrent.ee\/wp-content\/uploads\/2024\/07\/CM20210301-6ef1f-51814-removebg-preview.png\" class=\"attachment-large size-large wp-image-1406\" alt=\"\" srcset=\"https:\/\/kbrent.ee\/wp-content\/uploads\/2024\/07\/CM20210301-6ef1f-51814-removebg-preview.png 577w, https:\/\/kbrent.ee\/wp-content\/uploads\/2024\/07\/CM20210301-6ef1f-51814-removebg-preview-300x225.png 300w\" sizes=\"(max-width: 577px) 100vw, 577px\" \/>\t\t\t\t\t\t\t\t\t\t\t\t\t\t\t<\/div>\n\t\t\t\t<\/div>\n\t\t\t\t<\/div>\n\t\t<div class=\"elementor-element elementor-element-125bd5d0 e-flex e-con-boxed e-con e-child\" data-id=\"125bd5d0\" data-element_type=\"container\">\n\t\t\t\t\t<div class=\"e-con-inner\">\n\t\t\t\t<div class=\"elementor-element elementor-element-ab86208 elementor-widget elementor-widget-heading\" data-id=\"ab86208\" data-element_type=\"widget\" data-widget_type=\"heading.default\">\n\t\t\t\t<div class=\"elementor-widget-container\">\n\t\t\t\t\t<h3 class=\"elementor-heading-title elementor-size-default\">Caterpillar CB 2.7 &lt;3t<\/h3>\t\t\t\t<\/div>\n\t\t\t\t<\/div>\n\t\t\t\t<div class=\"elementor-element elementor-element-7c4947e9 elementor-widget elementor-widget-text-editor\" data-id=\"7c4947e9\" data-element_type=\"widget\" data-widget_type=\"text-editor.default\">\n\t\t\t\t<div class=\"elementor-widget-container\">\n\t\t\t\t\t\t\t\t\t<p>\u0420\u0430\u0431\u043e\u0447\u0438\u0439 \u0432\u0435\u0441: 2698 \u043a\u0433<\/p><p>\u0428\u0438\u0440\u0438\u043d\u0430 \u043a\u0430\u0442\u043a\u0430: 1200 \u043c\u043c<\/p><p>\u041c\u043e\u0449\u043d\u043e\u0441\u0442\u044c: 18.4 \u043a\u0412\u0442<\/p>\t\t\t\t\t\t\t\t<\/div>\n\t\t\t\t<\/div>\n\t\t\t\t<div class=\"elementor-element elementor-element-3d2441be elementor-widget elementor-widget-button\" data-id=\"3d2441be\" data-element_type=\"widget\" data-widget_type=\"button.default\">\n\t\t\t\t<div class=\"elementor-widget-container\">\n\t\t\t\t\t\t\t\t\t<div class=\"elementor-button-wrapper\">\n\t\t\t\t\t<a class=\"elementor-button elementor-button-link elementor-size-sm\" href=\"https:\/\/kbrent.ee\/ru\/pinnase-ja-teerullid\/caterpillar-cb-2-7\/\">\n\t\t\t\t\t\t<span class=\"elementor-button-content-wrapper\">\n\t\t\t\t\t\t\t\t\t<span class=\"elementor-button-text\">\u0418\u043d\u0444\u043e<\/span>\n\t\t\t\t\t<\/span>\n\t\t\t\t\t<\/a>\n\t\t\t\t<\/div>\n\t\t\t\t\t\t\t\t<\/div>\n\t\t\t\t<\/div>\n\t\t\t\t\t<\/div>\n\t\t\t\t<\/div>\n\t\t\t\t<\/div>\n\t\t<div class=\"elementor-element elementor-element-4f0271a1 e-con-full e-flex e-con e-child\" data-id=\"4f0271a1\" data-element_type=\"container\" data-settings=\"{&quot;background_background&quot;:&quot;classic&quot;}\">\n\t\t<div class=\"elementor-element elementor-element-5a90264c e-con-full e-flex e-con e-child\" data-id=\"5a90264c\" data-element_type=\"container\">\n\t\t\t\t<\/div>\n\t\t<div class=\"elementor-element elementor-element-7479c3d7 e-flex e-con-boxed e-con e-child\" data-id=\"7479c3d7\" data-element_type=\"container\">\n\t\t\t\t\t<div class=\"e-con-inner\">\n\t\t\t\t\t<\/div>\n\t\t\t\t<\/div>\n\t\t\t\t<\/div>\n\t\t\t\t\t<\/div>\n\t\t\t\t<\/div>\n\t\t\t\t\t<\/div>\n\t\t\t\t<\/div>\n\t\t<div class=\"elementor-element elementor-element-189d4a3c e-flex e-con-boxed e-con e-parent\" data-id=\"189d4a3c\" data-element_type=\"container\">\n\t\t\t\t\t<div class=\"e-con-inner\">\n\t\t\t\t<div class=\"elementor-element elementor-element-1cf4fd43 elementor-widget elementor-widget-menu-anchor\" data-id=\"1cf4fd43\" data-element_type=\"widget\" data-widget_type=\"menu-anchor.default\">\n\t\t\t\t<div class=\"elementor-widget-container\">\n\t\t\t\t\t\t\t<div class=\"elementor-menu-anchor\" id=\"pinnaserull\"><\/div>\n\t\t\t\t\t\t<\/div>\n\t\t\t\t<\/div>\n\t\t\t\t<div class=\"elementor-element elementor-element-4de68651 elementor-widget elementor-widget-heading\" data-id=\"4de68651\" data-element_type=\"widget\" data-widget_type=\"heading.default\">\n\t\t\t\t<div class=\"elementor-widget-container\">\n\t\t\t\t\t<h2 class=\"elementor-heading-title elementor-size-default\">\u0413\u0440\u0443\u043d\u0442\u043e\u0432\u044b\u0435 \u043a\u0430\u0442\u043a\u0438:<\/h2>\t\t\t\t<\/div>\n\t\t\t\t<\/div>\n\t\t\t\t\t<\/div>\n\t\t\t\t<\/div>\n\t\t<div class=\"elementor-element elementor-element-47e34da5 e-flex e-con-boxed e-con e-parent\" data-id=\"47e34da5\" data-element_type=\"container\" data-settings=\"{&quot;background_background&quot;:&quot;classic&quot;}\">\n\t\t\t\t\t<div class=\"e-con-inner\">\n\t\t<div class=\"elementor-element elementor-element-7c2ac9c1 e-flex e-con-boxed e-con e-child\" data-id=\"7c2ac9c1\" data-element_type=\"container\">\n\t\t\t\t\t<div class=\"e-con-inner\">\n\t\t<div class=\"elementor-element elementor-element-6ae5ec2e e-con-full e-flex e-con e-child\" data-id=\"6ae5ec2e\" data-element_type=\"container\" data-settings=\"{&quot;background_background&quot;:&quot;classic&quot;}\">\n\t\t<div class=\"elementor-element elementor-element-3fa48042 e-con-full e-flex e-con e-child\" data-id=\"3fa48042\" data-element_type=\"container\">\n\t\t\t\t<div class=\"elementor-element elementor-element-5741c32e elementor-widget elementor-widget-image\" data-id=\"5741c32e\" data-element_type=\"widget\" data-widget_type=\"image.default\">\n\t\t\t\t<div class=\"elementor-widget-container\">\n\t\t\t\t\t\t\t\t\t\t\t\t\t\t\t<img decoding=\"async\" width=\"604\" height=\"413\" src=\"https:\/\/kbrent.ee\/wp-content\/uploads\/2024\/07\/RCE_CA1500D_ROPS_full_950_650_75-removebg-preview.png\" class=\"attachment-large size-large wp-image-1425\" alt=\"\" srcset=\"https:\/\/kbrent.ee\/wp-content\/uploads\/2024\/07\/RCE_CA1500D_ROPS_full_950_650_75-removebg-preview.png 604w, https:\/\/kbrent.ee\/wp-content\/uploads\/2024\/07\/RCE_CA1500D_ROPS_full_950_650_75-removebg-preview-300x205.png 300w\" sizes=\"(max-width: 604px) 100vw, 604px\" \/>\t\t\t\t\t\t\t\t\t\t\t\t\t\t\t<\/div>\n\t\t\t\t<\/div>\n\t\t\t\t<\/div>\n\t\t<div class=\"elementor-element elementor-element-413327d0 e-flex e-con-boxed e-con e-child\" data-id=\"413327d0\" data-element_type=\"container\">\n\t\t\t\t\t<div class=\"e-con-inner\">\n\t\t\t\t<div class=\"elementor-element elementor-element-6d44e0df elementor-widget elementor-widget-heading\" data-id=\"6d44e0df\" data-element_type=\"widget\" data-widget_type=\"heading.default\">\n\t\t\t\t<div class=\"elementor-widget-container\">\n\t\t\t\t\t<h3 class=\"elementor-heading-title elementor-size-default\">Dynapac CA 1500D &lt;7,5t<\/h3>\t\t\t\t<\/div>\n\t\t\t\t<\/div>\n\t\t\t\t<div class=\"elementor-element elementor-element-24a00d2b elementor-widget elementor-widget-text-editor\" data-id=\"24a00d2b\" data-element_type=\"widget\" data-widget_type=\"text-editor.default\">\n\t\t\t\t<div class=\"elementor-widget-container\">\n\t\t\t\t\t\t\t\t\t<p>\u0420\u0430\u0431\u043e\u0447\u0438\u0439 \u0432\u0435\u0441: 7050 \u043a\u0433<\/p><p>\u0428\u0438\u0440\u0438\u043d\u0430 \u043a\u0430\u0442\u043a\u0430: 1676 \u043c\u043c<\/p><p>\u041c\u043e\u0449\u043d\u043e\u0441\u0442\u044c: 55 \u043a\u0412\u0442<\/p>\t\t\t\t\t\t\t\t<\/div>\n\t\t\t\t<\/div>\n\t\t\t\t<div class=\"elementor-element elementor-element-16f236b9 elementor-widget elementor-widget-button\" data-id=\"16f236b9\" data-element_type=\"widget\" data-widget_type=\"button.default\">\n\t\t\t\t<div class=\"elementor-widget-container\">\n\t\t\t\t\t\t\t\t\t<div class=\"elementor-button-wrapper\">\n\t\t\t\t\t<a class=\"elementor-button elementor-button-link elementor-size-sm\" href=\"https:\/\/kbrent.ee\/ru\/pinnase-ja-teerullid\/dynapac-ca-1500d\/\">\n\t\t\t\t\t\t<span class=\"elementor-button-content-wrapper\">\n\t\t\t\t\t\t\t\t\t<span class=\"elementor-button-text\">\u0418\u043d\u0444\u043e<\/span>\n\t\t\t\t\t<\/span>\n\t\t\t\t\t<\/a>\n\t\t\t\t<\/div>\n\t\t\t\t\t\t\t\t<\/div>\n\t\t\t\t<\/div>\n\t\t\t\t\t<\/div>\n\t\t\t\t<\/div>\n\t\t\t\t<\/div>\n\t\t<div class=\"elementor-element elementor-element-6a668384 e-con-full e-flex e-con e-child\" data-id=\"6a668384\" data-element_type=\"container\" data-settings=\"{&quot;background_background&quot;:&quot;classic&quot;}\">\n\t\t<div class=\"elementor-element elementor-element-48c642db e-con-full e-flex e-con e-child\" data-id=\"48c642db\" data-element_type=\"container\">\n\t\t\t\t<div class=\"elementor-element elementor-element-67880703 elementor-widget elementor-widget-image\" data-id=\"67880703\" data-element_type=\"widget\" data-widget_type=\"image.default\">\n\t\t\t\t<div class=\"elementor-widget-container\">\n\t\t\t\t\t\t\t\t\t\t\t\t\t\t\t<img decoding=\"async\" width=\"512\" height=\"374\" src=\"https:\/\/kbrent.ee\/wp-content\/uploads\/2024\/07\/single_drum_rollers-aw_1120_e-weycor-removebg-preview-e1720173733935.png\" class=\"attachment-large size-large wp-image-1436\" alt=\"\" srcset=\"https:\/\/kbrent.ee\/wp-content\/uploads\/2024\/07\/single_drum_rollers-aw_1120_e-weycor-removebg-preview-e1720173733935.png 512w, https:\/\/kbrent.ee\/wp-content\/uploads\/2024\/07\/single_drum_rollers-aw_1120_e-weycor-removebg-preview-e1720173733935-300x219.png 300w\" sizes=\"(max-width: 512px) 100vw, 512px\" \/>\t\t\t\t\t\t\t\t\t\t\t\t\t\t\t<\/div>\n\t\t\t\t<\/div>\n\t\t\t\t<\/div>\n\t\t<div class=\"elementor-element elementor-element-163e8769 e-flex e-con-boxed e-con e-child\" data-id=\"163e8769\" data-element_type=\"container\">\n\t\t\t\t\t<div class=\"e-con-inner\">\n\t\t\t\t<div class=\"elementor-element elementor-element-25633c34 elementor-widget elementor-widget-heading\" data-id=\"25633c34\" data-element_type=\"widget\" data-widget_type=\"heading.default\">\n\t\t\t\t<div class=\"elementor-widget-container\">\n\t\t\t\t\t<h3 class=\"elementor-heading-title elementor-size-default\">Weycor AW 1120 E &lt;13t<\/h3>\t\t\t\t<\/div>\n\t\t\t\t<\/div>\n\t\t\t\t<div class=\"elementor-element elementor-element-38164032 elementor-widget elementor-widget-text-editor\" data-id=\"38164032\" data-element_type=\"widget\" data-widget_type=\"text-editor.default\">\n\t\t\t\t<div class=\"elementor-widget-container\">\n\t\t\t\t\t\t\t\t\t<p>\u0420\u0430\u0431\u043e\u0447\u0438\u0439 \u0432\u0435\u0441: 12300 \u043a\u0433<\/p><p>\u0428\u0438\u0440\u0438\u043d\u0430 \u043a\u0430\u0442\u043a\u0430: 2100 \u043c\u043c<\/p><p>\u041c\u043e\u0449\u043d\u043e\u0441\u0442\u044c: 97 \u043a\u0412\u0442<\/p>\t\t\t\t\t\t\t\t<\/div>\n\t\t\t\t<\/div>\n\t\t\t\t<div class=\"elementor-element elementor-element-4865c67a elementor-widget elementor-widget-button\" data-id=\"4865c67a\" data-element_type=\"widget\" data-widget_type=\"button.default\">\n\t\t\t\t<div class=\"elementor-widget-container\">\n\t\t\t\t\t\t\t\t\t<div class=\"elementor-button-wrapper\">\n\t\t\t\t\t<a class=\"elementor-button elementor-button-link elementor-size-sm\" href=\"https:\/\/kbrent.ee\/ru\/pinnase-ja-teerullid\/weycor-aw-1120-e\/\">\n\t\t\t\t\t\t<span class=\"elementor-button-content-wrapper\">\n\t\t\t\t\t\t\t\t\t<span class=\"elementor-button-text\">\u0418\u043d\u0444\u043e<\/span>\n\t\t\t\t\t<\/span>\n\t\t\t\t\t<\/a>\n\t\t\t\t<\/div>\n\t\t\t\t\t\t\t\t<\/div>\n\t\t\t\t<\/div>\n\t\t\t\t\t<\/div>\n\t\t\t\t<\/div>\n\t\t\t\t<\/div>\n\t\t\t\t\t<\/div>\n\t\t\t\t<\/div>\n\t\t\t\t\t<\/div>\n\t\t\t\t<\/div>\n\t\t\t\t<\/div>","protected":false},"excerpt":{"rendered":"<p>Teerulli rent Teerullid: Caterpillar CB 2.7 &lt;3t T\u00f6\u00f6kaal: 2698 kg Rulli laius: 1200 mm V\u00f5imsus: 18.4 kW Lisainfo Pinnaserullid: Dynapac CA 1500D &lt;7,5t T\u00f6\u00f6kaal: 7050 kg Rulli laius: 1676 mm V\u00f5imsus: 55 kW Lisainfo Weycor AW 1120 E &lt;13t T\u00f6\u00f6kaal: 12300 kg Rulli laius: 2100 mm V\u00f5imsus: 97 kW Lisainfo<\/p>","protected":false},"author":2,"featured_media":0,"parent":0,"menu_order":3,"comment_status":"closed","ping_status":"closed","template":"","meta":{"footnotes":""},"class_list":["post-703","page","type-page","status-publish","hentry"],"yoast_head":"<!-- This site is optimized with the Yoast SEO plugin v25.2 - https:\/\/yoast.com\/wordpress\/plugins\/seo\/ -->\n<title>Pinnase- ja teerullid - KB Rent<\/title>\n<meta name=\"description\" content=\"Pinnase- ja teerullide rent. KB Rent valikust leiad k\u00f5ik sobiva enda projektidele. Kiire ja mugav teenus.\" \/>\n<meta name=\"robots\" content=\"index, follow, max-snippet:-1, max-image-preview:large, max-video-preview:-1\" \/>\n<link rel=\"canonical\" href=\"https:\/\/kbrent.ee\/ru\/pinnase-ja-teerullid\/\" \/>\n<meta property=\"og:locale\" content=\"ru_RU\" \/>\n<meta property=\"og:type\" content=\"article\" \/>\n<meta property=\"og:title\" content=\"Pinnase- ja teerullid - KB Rent\" \/>\n<meta property=\"og:description\" content=\"Pinnase- ja teerullide rent. KB Rent valikust leiad k\u00f5ik sobiva enda projektidele. Kiire ja mugav teenus.\" \/>\n<meta property=\"og:url\" content=\"https:\/\/kbrent.ee\/ru\/pinnase-ja-teerullid\/\" \/>\n<meta property=\"og:site_name\" content=\"KB Rent\" \/>\n<meta property=\"article:modified_time\" content=\"2025-07-21T11:21:15+00:00\" \/>\n<meta property=\"og:image\" content=\"https:\/\/kbrent.ee\/wp-content\/uploads\/2024\/07\/CM20210301-6ef1f-51814-removebg-preview.png\" \/>\n<meta name=\"twitter:card\" content=\"summary_large_image\" \/>\n<meta name=\"twitter:label1\" content=\"Est. reading time\" \/>\n\t<meta name=\"twitter:data1\" content=\"1 \u043c\u0438\u043d\u0443\u0442\u0430\" \/>\n<script type=\"application\/ld+json\" class=\"yoast-schema-graph\">{\"@context\":\"https:\/\/schema.org\",\"@graph\":[{\"@type\":\"WebPage\",\"@id\":\"https:\/\/kbrent.ee\/pinnase-ja-teerullid\/\",\"url\":\"https:\/\/kbrent.ee\/pinnase-ja-teerullid\/\",\"name\":\"Pinnase- ja teerullid - KB Rent\",\"isPartOf\":{\"@id\":\"https:\/\/kbrent.ee\/#website\"},\"primaryImageOfPage\":{\"@id\":\"https:\/\/kbrent.ee\/pinnase-ja-teerullid\/#primaryimage\"},\"image\":{\"@id\":\"https:\/\/kbrent.ee\/pinnase-ja-teerullid\/#primaryimage\"},\"thumbnailUrl\":\"https:\/\/kbrent.ee\/wp-content\/uploads\/2024\/07\/CM20210301-6ef1f-51814-removebg-preview.png\",\"datePublished\":\"2024-07-03T09:09:21+00:00\",\"dateModified\":\"2025-07-21T11:21:15+00:00\",\"description\":\"Pinnase- ja teerullide rent. KB Rent valikust leiad k\u00f5ik sobiva enda projektidele. Kiire ja mugav teenus.\",\"inLanguage\":\"ru-RU\",\"potentialAction\":[{\"@type\":\"ReadAction\",\"target\":[\"https:\/\/kbrent.ee\/pinnase-ja-teerullid\/\"]}]},{\"@type\":\"ImageObject\",\"inLanguage\":\"ru-RU\",\"@id\":\"https:\/\/kbrent.ee\/pinnase-ja-teerullid\/#primaryimage\",\"url\":\"https:\/\/kbrent.ee\/wp-content\/uploads\/2024\/07\/CM20210301-6ef1f-51814-removebg-preview.png\",\"contentUrl\":\"https:\/\/kbrent.ee\/wp-content\/uploads\/2024\/07\/CM20210301-6ef1f-51814-removebg-preview.png\"},{\"@type\":\"WebSite\",\"@id\":\"https:\/\/kbrent.ee\/#website\",\"url\":\"https:\/\/kbrent.ee\/\",\"name\":\"KB Rent\",\"description\":\"Tehnika rent\",\"publisher\":{\"@id\":\"https:\/\/kbrent.ee\/#organization\"},\"potentialAction\":[{\"@type\":\"SearchAction\",\"target\":{\"@type\":\"EntryPoint\",\"urlTemplate\":\"https:\/\/kbrent.ee\/?s={search_term_string}\"},\"query-input\":{\"@type\":\"PropertyValueSpecification\",\"valueRequired\":true,\"valueName\":\"search_term_string\"}}],\"inLanguage\":\"ru-RU\"},{\"@type\":\"Organization\",\"@id\":\"https:\/\/kbrent.ee\/#organization\",\"name\":\"KB Rent\",\"url\":\"https:\/\/kbrent.ee\/\",\"logo\":{\"@type\":\"ImageObject\",\"inLanguage\":\"ru-RU\",\"@id\":\"https:\/\/kbrent.ee\/#\/schema\/logo\/image\/\",\"url\":\"https:\/\/kbrent.ee\/wp-content\/uploads\/2024\/06\/logo_header_png.png\",\"contentUrl\":\"https:\/\/kbrent.ee\/wp-content\/uploads\/2024\/06\/logo_header_png.png\",\"width\":488,\"height\":88,\"caption\":\"KB Rent\"},\"image\":{\"@id\":\"https:\/\/kbrent.ee\/#\/schema\/logo\/image\/\"}}]}<\/script>\n<!-- \/ Yoast SEO plugin. -->","yoast_head_json":{"title":"Pinnase- ja teerullid - KB Rent","description":"Pinnase- ja teerullide rent. KB Rent valikust leiad k\u00f5ik sobiva enda projektidele. Kiire ja mugav teenus.","robots":{"index":"index","follow":"follow","max-snippet":"max-snippet:-1","max-image-preview":"max-image-preview:large","max-video-preview":"max-video-preview:-1"},"canonical":"https:\/\/kbrent.ee\/ru\/pinnase-ja-teerullid\/","og_locale":"ru_RU","og_type":"article","og_title":"Pinnase- ja teerullid - KB Rent","og_description":"Pinnase- ja teerullide rent. KB Rent valikust leiad k\u00f5ik sobiva enda projektidele. Kiire ja mugav teenus.","og_url":"https:\/\/kbrent.ee\/ru\/pinnase-ja-teerullid\/","og_site_name":"KB Rent","article_modified_time":"2025-07-21T11:21:15+00:00","og_image":[{"url":"https:\/\/kbrent.ee\/wp-content\/uploads\/2024\/07\/CM20210301-6ef1f-51814-removebg-preview.png","type":"","width":"","height":""}],"twitter_card":"summary_large_image","twitter_misc":{"Est. reading time":"1 \u043c\u0438\u043d\u0443\u0442\u0430"},"schema":{"@context":"https:\/\/schema.org","@graph":[{"@type":"WebPage","@id":"https:\/\/kbrent.ee\/pinnase-ja-teerullid\/","url":"https:\/\/kbrent.ee\/pinnase-ja-teerullid\/","name":"Pinnase- ja teerullid - KB Rent","isPartOf":{"@id":"https:\/\/kbrent.ee\/#website"},"primaryImageOfPage":{"@id":"https:\/\/kbrent.ee\/pinnase-ja-teerullid\/#primaryimage"},"image":{"@id":"https:\/\/kbrent.ee\/pinnase-ja-teerullid\/#primaryimage"},"thumbnailUrl":"https:\/\/kbrent.ee\/wp-content\/uploads\/2024\/07\/CM20210301-6ef1f-51814-removebg-preview.png","datePublished":"2024-07-03T09:09:21+00:00","dateModified":"2025-07-21T11:21:15+00:00","description":"Pinnase- ja teerullide rent. KB Rent valikust leiad k\u00f5ik sobiva enda projektidele. Kiire ja mugav teenus.","inLanguage":"ru-RU","potentialAction":[{"@type":"ReadAction","target":["https:\/\/kbrent.ee\/pinnase-ja-teerullid\/"]}]},{"@type":"ImageObject","inLanguage":"ru-RU","@id":"https:\/\/kbrent.ee\/pinnase-ja-teerullid\/#primaryimage","url":"https:\/\/kbrent.ee\/wp-content\/uploads\/2024\/07\/CM20210301-6ef1f-51814-removebg-preview.png","contentUrl":"https:\/\/kbrent.ee\/wp-content\/uploads\/2024\/07\/CM20210301-6ef1f-51814-removebg-preview.png"},{"@type":"WebSite","@id":"https:\/\/kbrent.ee\/#website","url":"https:\/\/kbrent.ee\/","name":"KB Rent","description":"Tehnika rent","publisher":{"@id":"https:\/\/kbrent.ee\/#organization"},"potentialAction":[{"@type":"SearchAction","target":{"@type":"EntryPoint","urlTemplate":"https:\/\/kbrent.ee\/?s={search_term_string}"},"query-input":{"@type":"PropertyValueSpecification","valueRequired":true,"valueName":"search_term_string"}}],"inLanguage":"ru-RU"},{"@type":"Organization","@id":"https:\/\/kbrent.ee\/#organization","name":"KB Rent","url":"https:\/\/kbrent.ee\/","logo":{"@type":"ImageObject","inLanguage":"ru-RU","@id":"https:\/\/kbrent.ee\/#\/schema\/logo\/image\/","url":"https:\/\/kbrent.ee\/wp-content\/uploads\/2024\/06\/logo_header_png.png","contentUrl":"https:\/\/kbrent.ee\/wp-content\/uploads\/2024\/06\/logo_header_png.png","width":488,"height":88,"caption":"KB Rent"},"image":{"@id":"https:\/\/kbrent.ee\/#\/schema\/logo\/image\/"}}]}},"_links":{"self":[{"href":"https:\/\/kbrent.ee\/ru\/wp-json\/wp\/v2\/pages\/703","targetHints":{"allow":["GET"]}}],"collection":[{"href":"https:\/\/kbrent.ee\/ru\/wp-json\/wp\/v2\/pages"}],"about":[{"href":"https:\/\/kbrent.ee\/ru\/wp-json\/wp\/v2\/types\/page"}],"author":[{"embeddable":true,"href":"https:\/\/kbrent.ee\/ru\/wp-json\/wp\/v2\/users\/2"}],"replies":[{"embeddable":true,"href":"https:\/\/kbrent.ee\/ru\/wp-json\/wp\/v2\/comments?post=703"}],"version-history":[{"count":45,"href":"https:\/\/kbrent.ee\/ru\/wp-json\/wp\/v2\/pages\/703\/revisions"}],"predecessor-version":[{"id":3001,"href":"https:\/\/kbrent.ee\/ru\/wp-json\/wp\/v2\/pages\/703\/revisions\/3001"}],"wp:attachment":[{"href":"https:\/\/kbrent.ee\/ru\/wp-json\/wp\/v2\/media?parent=703"}],"curies":[{"name":"wp","href":"https:\/\/api.w.org\/{rel}","templated":true}]}}